{"id":3593,"date":"2024-07-02T16:56:05","date_gmt":"2024-07-02T14:56:05","guid":{"rendered":"https:\/\/dev.jfm-audit.com\/epoque-gestion\/?page_id=3593"},"modified":"2025-06-04T14:33:53","modified_gmt":"2025-06-04T12:33:53","slug":"a-propos-de-nous","status":"publish","type":"page","link":"https:\/\/dev.jfm-audit.com\/epoque-gestion\/a-propos-de-nous\/","title":{"rendered":"\u00c0 Propos De Nous"},"content":{"rendered":"\t\t<div data-elementor-type=\"wp-page\" data-elementor-id=\"3593\" class=\"elementor elementor-3593\" data-elementor-post-type=\"page\">\n\t\t\t\t<div class=\"elementor-element elementor-element-19ff6be e-con-full e-flex e-con e-parent\" data-id=\"19ff6be\" data-element_type=\"container\" data-settings=\"{&quot;jet_parallax_layout_list&quot;:[]}\">\n\t\t<div class=\"elementor-element elementor-element-7607c4c e-con-full e-flex e-con e-child\" data-id=\"7607c4c\" data-element_type=\"container\" data-settings=\"{&quot;background_motion_fx_translateY_effect&quot;:&quot;yes&quot;,&quot;background_motion_fx_translateY_speed&quot;:{&quot;unit&quot;:&quot;px&quot;,&quot;size&quot;:5,&quot;sizes&quot;:[]},&quot;jet_parallax_layout_list&quot;:[],&quot;background_motion_fx_translateY_affectedRange&quot;:{&quot;unit&quot;:&quot;%&quot;,&quot;size&quot;:&quot;&quot;,&quot;sizes&quot;:{&quot;start&quot;:0,&quot;end&quot;:100}},&quot;background_motion_fx_devices&quot;:[&quot;desktop&quot;,&quot;tablet&quot;,&quot;mobile&quot;]}\">\n\t\t\t\t<div class=\"elementor-element elementor-element-ed846b1 elementor-widget elementor-widget-heading\" data-id=\"ed846b1\" data-element_type=\"widget\" data-widget_type=\"heading.default\">\n\t\t\t\t\t<h2 class=\"elementor-heading-title elementor-size-default\">\u00c0 propos de nous<\/h2>\t\t\t\t<\/div>\n\t\t\t\t<div class=\"elementor-element elementor-element-90f1956 elementor-widget elementor-widget-heading\" data-id=\"90f1956\" data-element_type=\"widget\" data-widget_type=\"heading.default\">\n\t\t\t\t\t<h2 class=\"elementor-heading-title elementor-size-default\">L\u2019Agence Anthony\u2019s Immobilier - Agence Epoque Gestion<\/h2>\t\t\t\t<\/div>\n\t\t\t\t<div class=\"elementor-element elementor-element-3430ce4 elementor-widget elementor-widget-text-editor\" data-id=\"3430ce4\" data-element_type=\"widget\" data-widget_type=\"text-editor.default\">\n\t\t\t\t\t\t\t\t\t<p class=\"p1\">Fond\u00e9e en 2006 par V\u00e9ronique Anthony, <span class=\"s1\"><b>Anthony\u2019s Immobilier &#8211; Agence Epoque Gestion<\/b><\/span> est une agence immobili\u00e8re familiale implant\u00e9e \u00e0 Villemomble, au c\u0153ur de l\u2019est de Paris. G\u00e9r\u00e9e aujourd\u2019hui par V\u00e9ronique et sa fille Laura Anthony, l\u2019agence a su allier exp\u00e9rience, proximit\u00e9 et engagement, faisant de chaque projet immobilier une priorit\u00e9 et un v\u00e9ritable partenariat avec ses clients.<\/p><p class=\"p1\">Nous intervenons principalement sur <strong>Villemomble, Gagny, Montfermeil<\/strong>, ainsi que dans les communes avoisinantes comme <strong>Chelles, Clichy-sous-Bois, Le Raincy, Livry-Gargan et Neuilly-sur-Marne<\/strong>. Notre \u00e9quipe met un point d\u2019honneur \u00e0 vous offrir un service de qualit\u00e9, personnalis\u00e9 et transparent.<\/p>\t\t\t\t\t\t\t\t<\/div>\n\t\t\t\t<\/div>\n\t\t\t\t<\/div>\n\t\t<div class=\"elementor-element elementor-element-51bca32 e-flex e-con-boxed e-con e-parent\" data-id=\"51bca32\" data-element_type=\"container\" data-settings=\"{&quot;jet_parallax_layout_list&quot;:[],&quot;background_background&quot;:&quot;classic&quot;}\">\n\t\t\t\t\t<div class=\"e-con-inner\">\n\t\t<div class=\"elementor-element elementor-element-e33f676 e-con-full e-flex e-con e-child\" data-id=\"e33f676\" data-element_type=\"container\" data-settings=\"{&quot;background_background&quot;:&quot;classic&quot;,&quot;background_motion_fx_motion_fx_scrolling&quot;:&quot;yes&quot;,&quot;background_motion_fx_translateY_effect&quot;:&quot;yes&quot;,&quot;background_motion_fx_translateY_speed&quot;:{&quot;unit&quot;:&quot;px&quot;,&quot;size&quot;:5,&quot;sizes&quot;:[]},&quot;jet_parallax_layout_list&quot;:[],&quot;background_motion_fx_translateY_affectedRange&quot;:{&quot;unit&quot;:&quot;%&quot;,&quot;size&quot;:&quot;&quot;,&quot;sizes&quot;:{&quot;start&quot;:0,&quot;end&quot;:100}},&quot;background_motion_fx_devices&quot;:[&quot;desktop&quot;,&quot;tablet&quot;,&quot;mobile&quot;]}\">\n\t\t\t\t<div class=\"elementor-element elementor-element-105c314 elementor-widget elementor-widget-spacer\" data-id=\"105c314\" data-element_type=\"widget\" data-widget_type=\"spacer.default\">\n\t\t\t\t\t\t\t<div class=\"elementor-spacer\">\n\t\t\t<div class=\"elementor-spacer-inner\"><\/div>\n\t\t<\/div>\n\t\t\t\t\t\t<\/div>\n\t\t\t\t<\/div>\n\t\t<div class=\"elementor-element elementor-element-852ebae e-con-full e-flex e-con e-child\" data-id=\"852ebae\" data-element_type=\"container\" data-settings=\"{&quot;jet_parallax_layout_list&quot;:[]}\">\n\t\t\t\t<div class=\"elementor-element elementor-element-5ee5ce7 e-n-tabs-mobile elementor-widget elementor-widget-n-tabs\" data-id=\"5ee5ce7\" data-element_type=\"widget\" data-settings=\"{&quot;tabs_justify_horizontal&quot;:&quot;start&quot;,&quot;horizontal_scroll&quot;:&quot;disable&quot;}\" data-widget_type=\"nested-tabs.default\">\n\t\t\t\t\t\t\t<div class=\"e-n-tabs\" data-widget-number=\"99507431\" aria-label=\"Onglets. Ouvrez des \u00e9l\u00e9ments avec Entrer ou Espace, fermez-les avec Echape et naviguez \u00e0 l&#039;aide des touches fl\u00e9ch\u00e9es.\">\n\t\t\t<div class=\"e-n-tabs-heading\" role=\"tablist\">\n\t\t\t\t\t<button id=\"e-n-tab-title-995074311\" class=\"e-n-tab-title elementor-animation-shrink\" aria-selected=\"true\" data-tab-index=\"1\" role=\"tab\" tabindex=\"0\" aria-controls=\"e-n-tab-content-995074311\" style=\"--n-tabs-title-order: 1;\">\n\t\t\t\t\t\t<span class=\"e-n-tab-title-text\">\n\t\t\t\tNotre Histoire\t\t\t<\/span>\n\t\t<\/button>\n\t\t\t\t<button id=\"e-n-tab-title-995074312\" class=\"e-n-tab-title elementor-animation-shrink\" aria-selected=\"false\" data-tab-index=\"2\" role=\"tab\" tabindex=\"-1\" aria-controls=\"e-n-tab-content-995074312\" style=\"--n-tabs-title-order: 2;\">\n\t\t\t\t\t\t<span class=\"e-n-tab-title-text\">\n\t\t\t\tNos Valeurs\t\t\t<\/span>\n\t\t<\/button>\n\t\t\t\t<button id=\"e-n-tab-title-995074313\" class=\"e-n-tab-title elementor-animation-shrink\" aria-selected=\"false\" data-tab-index=\"3\" role=\"tab\" tabindex=\"-1\" aria-controls=\"e-n-tab-content-995074313\" style=\"--n-tabs-title-order: 3;\">\n\t\t\t\t\t\t<span class=\"e-n-tab-title-text\">\n\t\t\t\tNotre \u00c9quipe\t\t\t<\/span>\n\t\t<\/button>\n\t\t\t\t<button id=\"e-n-tab-title-995074314\" class=\"e-n-tab-title elementor-animation-shrink\" aria-selected=\"false\" data-tab-index=\"4\" role=\"tab\" tabindex=\"-1\" aria-controls=\"e-n-tab-content-995074314\" style=\"--n-tabs-title-order: 4;\">\n\t\t\t\t\t\t<span class=\"e-n-tab-title-text\">\n\t\t\t\tNotre Mission\t\t\t<\/span>\n\t\t<\/button>\n\t\t\t\t\t<\/div>\n\t\t\t<div class=\"e-n-tabs-content\">\n\t\t\t\t<div id=\"e-n-tab-content-995074311\" role=\"tabpanel\" aria-labelledby=\"e-n-tab-title-995074311\" data-tab-index=\"1\" style=\"--n-tabs-title-order: 1;\" class=\"e-active elementor-element elementor-element-6775a1c e-con-full e-flex e-con e-child\" data-id=\"6775a1c\" data-element_type=\"container\" data-settings=\"{&quot;background_background&quot;:&quot;classic&quot;,&quot;jet_parallax_layout_list&quot;:[]}\">\n\t\t\t\t<div class=\"elementor-element elementor-element-5137e8d elementor-widget elementor-widget-text-editor\" data-id=\"5137e8d\" data-element_type=\"widget\" data-widget_type=\"text-editor.default\">\n\t\t\t\t\t\t\t\t\t<p class=\"p1\"><span class=\"s1\"><b>V\u00e9ronique Anthony<\/b><\/span>, avec plus de 20 ans d\u2019exp\u00e9rience dans le secteur immobilier, a cr\u00e9\u00e9 l\u2019agence avec la volont\u00e9 d\u2019apporter une approche humaine et proche de ses clients. En 2014, sa fille <span class=\"s1\"><b>Laura Anthony<\/b><\/span> rejoint l\u2019agence pour mettre \u00e0 profit sa passion et ses comp\u00e9tences en gestion immobili\u00e8re, apportant une nouvelle dynamique \u00e0 l\u2019agence.<\/p><p class=\"p1\">C\u2019est cette collaboration m\u00e8re-fille, soutenue par des valeurs de respect, d\u2019\u00e9coute et de confiance, qui fait aujourd\u2019hui la force d\u2019Anthony\u2019s Immobilier. Ensemble, elles dirigent une \u00e9quipe d\u00e9di\u00e9e \u00e0 la r\u00e9ussite des projets immobiliers de leurs clients, qu\u2019il s\u2019agisse de vente, location ou d\u2019accompagnement en gestion immobili\u00e8re.<\/p>\t\t\t\t\t\t\t\t<\/div>\n\t\t\t\t<\/div>\n\t\t<div id=\"e-n-tab-content-995074312\" role=\"tabpanel\" aria-labelledby=\"e-n-tab-title-995074312\" data-tab-index=\"2\" style=\"--n-tabs-title-order: 2;\" class=\" elementor-element elementor-element-ac53253 e-con-full e-flex e-con e-child\" data-id=\"ac53253\" data-element_type=\"container\" data-settings=\"{&quot;background_background&quot;:&quot;classic&quot;,&quot;jet_parallax_layout_list&quot;:[]}\">\n\t\t\t\t<div class=\"elementor-element elementor-element-c25ba47 elementor-widget elementor-widget-text-editor\" data-id=\"c25ba47\" data-element_type=\"widget\" data-widget_type=\"text-editor.default\">\n\t\t\t\t\t\t\t\t\t<ul><li><p class=\"p1\"><b>Proximit\u00e9 et Engagement<\/b><b><\/b><\/p><p class=\"p2\">Nous croyons en une approche authentique et \u00e0 taille humaine. Chaque client est unique, et nous nous engageons \u00e0 vous offrir un service personnalis\u00e9 qui r\u00e9pond \u00e0 vos besoins sp\u00e9cifiques. Notre \u00e9quipe est disponible pour vous conseiller, vous orienter et vous soutenir tout au long de votre projet.<\/p><\/li><li><p class=\"p1\"><b>Expertise Locale<\/b><b><\/b><\/p><p class=\"p2\">Notre connaissance approfondie du march\u00e9 immobilier de Villemomble et des communes environnantes nous permet de vous fournir des conseils adapt\u00e9s \u00e0 la r\u00e9alit\u00e9 du march\u00e9 local. Depuis plus de 15 ans, nous avons construit une solide r\u00e9putation bas\u00e9e sur la confiance et le professionnalisme.<\/p><\/li><li><p class=\"p1\"><b>Transparence et Confiance<\/b><b><\/b><\/p><p class=\"p2\">Nous pla\u00e7ons la transparence au c\u0153ur de nos relations. Chaque \u00e9tape de votre projet est r\u00e9alis\u00e9e en toute clart\u00e9, que ce soit lors de l\u2019achat, de la vente ou de la location de votre bien immobilier. Vous \u00eates inform\u00e9 et accompagn\u00e9 \u00e0 chaque phase, sans mauvaise surprise.<\/p><\/li><li><p class=\"p1\"><b>Satisfaction Client<\/b><b><\/b><\/p><p class=\"p2\">Nous mettons un point d\u2019honneur \u00e0 ce que chaque client reparte satisfait de son exp\u00e9rience avec notre agence. Notre but est de r\u00e9pondre \u00e0 vos attentes et de vous aider \u00e0 concr\u00e9tiser vos projets immobiliers dans les meilleures conditions possibles.<\/p><\/li><\/ul>\t\t\t\t\t\t\t\t<\/div>\n\t\t\t\t<\/div>\n\t\t<div id=\"e-n-tab-content-995074313\" role=\"tabpanel\" aria-labelledby=\"e-n-tab-title-995074313\" data-tab-index=\"3\" style=\"--n-tabs-title-order: 3;\" class=\" elementor-element elementor-element-c84cbd4 e-con-full e-flex e-con e-child\" data-id=\"c84cbd4\" data-element_type=\"container\" data-settings=\"{&quot;background_background&quot;:&quot;classic&quot;,&quot;jet_parallax_layout_list&quot;:[]}\">\n\t\t\t\t<div class=\"elementor-element elementor-element-ae2b954 elementor-widget elementor-widget-text-editor\" data-id=\"ae2b954\" data-element_type=\"widget\" data-widget_type=\"text-editor.default\">\n\t\t\t\t\t\t\t\t\t<p class=\"p1\">Notre \u00e9quipe est compos\u00e9e de professionnels de l\u2019immobilier passionn\u00e9s, comp\u00e9tents et engag\u00e9s. Chacun d\u2019entre nous a pour mission de vous accompagner dans vos d\u00e9marches immobili\u00e8res avec rigueur et professionnalisme. Nous sommes l\u00e0 pour vous guider et rendre chaque \u00e9tape de votre projet aussi fluide que possible.<\/p><ul><li><p class=\"p1\"><span class=\"s1\"><b>V\u00e9ronique Anthony<\/b><\/span> : Fondatrice et Directrice de l\u2019agence, sp\u00e9cialis\u00e9e dans la vente et l\u2019estimation de biens.<\/p><\/li><li><p class=\"p1\"><span class=\"s1\"><b>Laura Anthony<\/b><\/span> : Co-G\u00e9rante et responsable de la gestion locative et des relations clients.<\/p><\/li><li><p class=\"p1\"><span class=\"s1\"><b>Nos Conseillers<\/b><\/span> : Experts dans la vente, la location et la gestion immobili\u00e8re, notre \u00e9quipe de conseillers est \u00e0 votre disposition pour r\u00e9pondre \u00e0 vos besoins.<\/p><\/li><\/ul>\t\t\t\t\t\t\t\t<\/div>\n\t\t\t\t<\/div>\n\t\t<div id=\"e-n-tab-content-995074314\" role=\"tabpanel\" aria-labelledby=\"e-n-tab-title-995074314\" data-tab-index=\"4\" style=\"--n-tabs-title-order: 4;\" class=\" elementor-element elementor-element-1ad3ecf e-con-full e-flex e-con e-child\" data-id=\"1ad3ecf\" data-element_type=\"container\" data-settings=\"{&quot;background_background&quot;:&quot;classic&quot;,&quot;jet_parallax_layout_list&quot;:[]}\">\n\t\t\t\t<div class=\"elementor-element elementor-element-bb4ed21 elementor-widget elementor-widget-text-editor\" data-id=\"bb4ed21\" data-element_type=\"widget\" data-widget_type=\"text-editor.default\">\n\t\t\t\t\t\t\t\t\t<p class=\"p1\">Chez <span class=\"s1\"><b>Anthony\u2019s Immobilier &#8211; Agence Epoque Gestion<\/b><\/span>, nous avons \u00e0 c\u0153ur d\u2019offrir \u00e0 nos clients un service de qualit\u00e9, fiable et personnalis\u00e9. Que vous soyez acheteur, vendeur, locataire ou propri\u00e9taire, nous vous accompagnons tout au long de votre projet immobilier, en vous assurant une prise en charge totale et un suivi \u00e0 chaque \u00e9tape.<\/p><p class=\"p1\">Nous mettons \u00e9galement l\u2019accent sur la gestion locative en vous proposant un service complet pour vous lib\u00e9rer des contraintes li\u00e9es \u00e0 la gestion de vos biens.<\/p>\t\t\t\t\t\t\t\t<\/div>\n\t\t\t\t<\/div>\n\t\t\t\t\t<\/div>\n\t\t<\/div>\n\t\t\t\t\t\t<\/div>\n\t\t\t\t<\/div>\n\t\t\t\t\t<\/div>\n\t\t\t\t<\/div>\n\t\t<div class=\"elementor-element elementor-element-3f3a158 e-flex e-con-boxed e-con e-parent\" data-id=\"3f3a158\" data-element_type=\"container\" data-settings=\"{&quot;jet_parallax_layout_list&quot;:[],&quot;background_background&quot;:&quot;classic&quot;}\">\n\t\t\t\t\t<div class=\"e-con-inner\">\n\t\t<div class=\"elementor-element elementor-element-caa768b e-con-full e-flex e-con e-child\" data-id=\"caa768b\" data-element_type=\"container\" data-settings=\"{&quot;background_background&quot;:&quot;classic&quot;,&quot;jet_parallax_layout_list&quot;:[]}\">\n\t\t<div class=\"elementor-element elementor-element-bb5c97e e-con-full e-flex e-con e-child\" data-id=\"bb5c97e\" data-element_type=\"container\" data-settings=\"{&quot;jet_parallax_layout_list&quot;:[]}\">\n\t\t\t\t<div class=\"elementor-element elementor-element-8acb5a1 elementor-headline--style-rotate elementor-widget elementor-widget-animated-headline\" data-id=\"8acb5a1\" data-element_type=\"widget\" data-settings=\"{&quot;headline_style&quot;:&quot;rotate&quot;,&quot;animation_type&quot;:&quot;drop-in&quot;,&quot;rotating_text&quot;:&quot;EPOQUE\\nGESTION\\nIMMO\\nACHAT\\nVENTE&quot;,&quot;rotate_iteration_delay&quot;:400}\" data-widget_type=\"animated-headline.default\">\n\t\t\t\t\t\t\t<h3 class=\"elementor-headline elementor-headline-animation-type-drop-in\">\n\t\t\t\t<span class=\"elementor-headline-dynamic-wrapper elementor-headline-text-wrapper\">\n\t\t\t\t\t<span class=\"elementor-headline-dynamic-text elementor-headline-text-active\">\n\t\t\t\tEPOQUE\t\t\t<\/span>\n\t\t\t\t\t<span class=\"elementor-headline-dynamic-text\">\n\t\t\t\tGESTION\t\t\t<\/span>\n\t\t\t\t\t<span class=\"elementor-headline-dynamic-text\">\n\t\t\t\tIMMO\t\t\t<\/span>\n\t\t\t\t\t<span class=\"elementor-headline-dynamic-text\">\n\t\t\t\tACHAT\t\t\t<\/span>\n\t\t\t\t\t<span class=\"elementor-headline-dynamic-text\">\n\t\t\t\tVENTE\t\t\t<\/span>\n\t\t\t\t\t\t<\/span>\n\t\t\t\t<\/h3>\n\t\t\t\t\t\t<\/div>\n\t\t\t\t<div class=\"elementor-element elementor-element-1769584 elementor-widget elementor-widget-heading\" data-id=\"1769584\" data-element_type=\"widget\" data-widget_type=\"heading.default\">\n\t\t\t\t\t<h2 class=\"elementor-heading-title elementor-size-default\">Pourquoi Nous Choisir ?<\/h2>\t\t\t\t<\/div>\n\t\t\t\t<div class=\"elementor-element elementor-element-4ccad1a elementor-widget elementor-widget-text-editor\" data-id=\"4ccad1a\" data-element_type=\"widget\" data-widget_type=\"text-editor.default\">\n\t\t\t\t\t\t\t\t\t<p>Choisir Epoque Gestion, c&rsquo;est opter pour une expertise \u00e9prouv\u00e9e et un service de qualit\u00e9 dans le domaine immobilier. Voici un aper\u00e7u de nos domaines d&rsquo;expertise, illustr\u00e9s par des barres de progression pour souligner notre niveau de comp\u00e9tence dans chaque domaine :<\/p>\t\t\t\t\t\t\t\t<\/div>\n\t\t\t\t<div class=\"elementor-element elementor-element-d797251 elementor-align-left elementor-mobile-align-justify elementor-hidden-tablet elementor-hidden-mobile elementor-widget elementor-widget-button\" data-id=\"d797251\" data-element_type=\"widget\" data-widget_type=\"button.default\">\n\t\t\t\t\t\t\t\t\t\t<a class=\"elementor-button elementor-button-link elementor-size-sm elementor-animation-grow\" href=\"https:\/\/dev.jfm-audit.com\/epoque-gestion\/contact\/\">\n\t\t\t\t\t\t<span class=\"elementor-button-content-wrapper\">\n\t\t\t\t\t\t\t\t\t<span class=\"elementor-button-text\">Contactez-nous<\/span>\n\t\t\t\t\t<\/span>\n\t\t\t\t\t<\/a>\n\t\t\t\t\t\t\t\t<\/div>\n\t\t\t\t<\/div>\n\t\t<div class=\"elementor-element elementor-element-63a0c9f e-con-full e-flex e-con e-child\" data-id=\"63a0c9f\" data-element_type=\"container\" data-settings=\"{&quot;jet_parallax_layout_list&quot;:[]}\">\n\t\t<div class=\"elementor-element elementor-element-f883e49 e-con-full e-flex e-con e-child\" data-id=\"f883e49\" data-element_type=\"container\" data-settings=\"{&quot;jet_parallax_layout_list&quot;:[]}\">\n\t\t<div class=\"elementor-element elementor-element-00b68f3 e-con-full e-flex e-con e-child\" data-id=\"00b68f3\" data-element_type=\"container\" data-settings=\"{&quot;jet_parallax_layout_list&quot;:[]}\">\n\t\t\t\t<div class=\"elementor-element elementor-element-8c65d6e elementor-widget__width-auto elementor-widget elementor-widget-heading\" data-id=\"8c65d6e\" data-element_type=\"widget\" data-widget_type=\"heading.default\">\n\t\t\t\t\t<h2 class=\"elementor-heading-title elementor-size-default\">Expertise en Gestion Locative\n<\/h2>\t\t\t\t<\/div>\n\t\t\t\t<\/div>\n\t\t\t\t<\/div>\n\t\t\t\t<div class=\"elementor-element elementor-element-dd7deea elementor-widget elementor-widget-progress\" data-id=\"dd7deea\" data-element_type=\"widget\" data-widget_type=\"progress.default\">\n\t\t\t\t\t\n\t\t<div class=\"elementor-progress-wrapper\" role=\"progressbar\" aria-valuemin=\"0\" aria-valuemax=\"100\" aria-valuenow=\"95\">\n\t\t\t<div class=\"elementor-progress-bar\" data-max=\"95\">\n\t\t\t\t<span class=\"elementor-progress-text\"><\/span>\n\t\t\t\t\t\t\t<\/div>\n\t\t<\/div>\n\t\t\t\t\t\t<\/div>\n\t\t<div class=\"elementor-element elementor-element-e316e16 e-con-full e-flex e-con e-child\" data-id=\"e316e16\" data-element_type=\"container\" data-settings=\"{&quot;jet_parallax_layout_list&quot;:[]}\">\n\t\t<div class=\"elementor-element elementor-element-5dec7ec e-con-full e-flex e-con e-child\" data-id=\"5dec7ec\" data-element_type=\"container\" data-settings=\"{&quot;jet_parallax_layout_list&quot;:[]}\">\n\t\t\t\t<div class=\"elementor-element elementor-element-dbdc62c elementor-widget__width-auto elementor-widget elementor-widget-heading\" data-id=\"dbdc62c\" data-element_type=\"widget\" data-widget_type=\"heading.default\">\n\t\t\t\t\t<h2 class=\"elementor-heading-title elementor-size-default\">Vente et Achat de Biens\n<\/h2>\t\t\t\t<\/div>\n\t\t\t\t<\/div>\n\t\t\t\t<\/div>\n\t\t\t\t<div class=\"elementor-element elementor-element-4f18179 elementor-widget elementor-widget-progress\" data-id=\"4f18179\" data-element_type=\"widget\" data-widget_type=\"progress.default\">\n\t\t\t\t\t\n\t\t<div class=\"elementor-progress-wrapper\" role=\"progressbar\" aria-valuemin=\"0\" aria-valuemax=\"100\" aria-valuenow=\"82\">\n\t\t\t<div class=\"elementor-progress-bar\" data-max=\"82\">\n\t\t\t\t<span class=\"elementor-progress-text\"><\/span>\n\t\t\t\t\t\t\t<\/div>\n\t\t<\/div>\n\t\t\t\t\t\t<\/div>\n\t\t<div class=\"elementor-element elementor-element-18ccdd1 e-con-full e-flex e-con e-child\" data-id=\"18ccdd1\" data-element_type=\"container\" data-settings=\"{&quot;jet_parallax_layout_list&quot;:[]}\">\n\t\t<div class=\"elementor-element elementor-element-b50189c e-con-full e-flex e-con e-child\" data-id=\"b50189c\" data-element_type=\"container\" data-settings=\"{&quot;jet_parallax_layout_list&quot;:[]}\">\n\t\t\t\t<div class=\"elementor-element elementor-element-bcdbfc2 elementor-widget__width-auto elementor-widget elementor-widget-heading\" data-id=\"bcdbfc2\" data-element_type=\"widget\" data-widget_type=\"heading.default\">\n\t\t\t\t\t<h2 class=\"elementor-heading-title elementor-size-default\">Estimation de Biens<\/h2>\t\t\t\t<\/div>\n\t\t\t\t<\/div>\n\t\t\t\t<\/div>\n\t\t\t\t<div class=\"elementor-element elementor-element-a3ebd15 elementor-widget elementor-widget-progress\" data-id=\"a3ebd15\" data-element_type=\"widget\" data-widget_type=\"progress.default\">\n\t\t\t\t\t\n\t\t<div class=\"elementor-progress-wrapper\" role=\"progressbar\" aria-valuemin=\"0\" aria-valuemax=\"100\" aria-valuenow=\"90\">\n\t\t\t<div class=\"elementor-progress-bar\" data-max=\"90\">\n\t\t\t\t<span class=\"elementor-progress-text\"><\/span>\n\t\t\t\t\t\t\t<\/div>\n\t\t<\/div>\n\t\t\t\t\t\t<\/div>\n\t\t<div class=\"elementor-element elementor-element-9f5f370 e-con-full e-flex e-con e-child\" data-id=\"9f5f370\" data-element_type=\"container\" data-settings=\"{&quot;jet_parallax_layout_list&quot;:[]}\">\n\t\t<div class=\"elementor-element elementor-element-a12ca13 e-con-full e-flex e-con e-child\" data-id=\"a12ca13\" data-element_type=\"container\" data-settings=\"{&quot;jet_parallax_layout_list&quot;:[]}\">\n\t\t\t\t<div class=\"elementor-element elementor-element-9efa1b4 elementor-widget__width-auto elementor-widget elementor-widget-heading\" data-id=\"9efa1b4\" data-element_type=\"widget\" data-widget_type=\"heading.default\">\n\t\t\t\t\t<h2 class=\"elementor-heading-title elementor-size-default\">Conseil et Accompagnement Personnalis\u00e9<\/h2>\t\t\t\t<\/div>\n\t\t\t\t<\/div>\n\t\t\t\t<\/div>\n\t\t\t\t<div class=\"elementor-element elementor-element-35f3001 elementor-widget elementor-widget-progress\" data-id=\"35f3001\" data-element_type=\"widget\" data-widget_type=\"progress.default\">\n\t\t\t\t\t\n\t\t<div class=\"elementor-progress-wrapper\" role=\"progressbar\" aria-valuemin=\"0\" aria-valuemax=\"100\" aria-valuenow=\"88\">\n\t\t\t<div class=\"elementor-progress-bar\" data-max=\"88\">\n\t\t\t\t<span class=\"elementor-progress-text\"><\/span>\n\t\t\t\t\t\t\t<\/div>\n\t\t<\/div>\n\t\t\t\t\t\t<\/div>\n\t\t<div class=\"elementor-element elementor-element-b08f6e3 e-con-full e-flex e-con e-child\" data-id=\"b08f6e3\" data-element_type=\"container\" data-settings=\"{&quot;jet_parallax_layout_list&quot;:[]}\">\n\t\t<div class=\"elementor-element elementor-element-b461286 e-con-full e-flex e-con e-child\" data-id=\"b461286\" data-element_type=\"container\" data-settings=\"{&quot;jet_parallax_layout_list&quot;:[]}\">\n\t\t\t\t<div class=\"elementor-element elementor-element-78a8c6f elementor-widget__width-auto elementor-widget elementor-widget-heading\" data-id=\"78a8c6f\" data-element_type=\"widget\" data-widget_type=\"heading.default\">\n\t\t\t\t\t<h2 class=\"elementor-heading-title elementor-size-default\">R\u00e9activit\u00e9 et Service Client\n<\/h2>\t\t\t\t<\/div>\n\t\t\t\t<\/div>\n\t\t\t\t<\/div>\n\t\t\t\t<div class=\"elementor-element elementor-element-ca20ae0 elementor-widget elementor-widget-progress\" data-id=\"ca20ae0\" data-element_type=\"widget\" data-widget_type=\"progress.default\">\n\t\t\t\t\t\n\t\t<div class=\"elementor-progress-wrapper\" role=\"progressbar\" aria-valuemin=\"0\" aria-valuemax=\"100\" aria-valuenow=\"90\">\n\t\t\t<div class=\"elementor-progress-bar\" data-max=\"90\">\n\t\t\t\t<span class=\"elementor-progress-text\"><\/span>\n\t\t\t\t\t\t\t<\/div>\n\t\t<\/div>\n\t\t\t\t\t\t<\/div>\n\t\t\t\t<\/div>\n\t\t\t\t<\/div>\n\t\t\t\t\t<\/div>\n\t\t\t\t<\/div>\n\t\t\t\t<\/div>\n\t\t","protected":false},"excerpt":{"rendered":"<p>\u00c0 propos de nous L\u2019Agence Anthony\u2019s Immobilier &#8211; Agence Epoque Gestion Fond\u00e9e en 2006 par V\u00e9ronique Anthony, Anthony\u2019s Immobilier &#8211; Agence Epoque Gestion est une agence immobili\u00e8re familiale implant\u00e9e \u00e0 Villemomble, au c\u0153ur de l\u2019est de Paris. G\u00e9r\u00e9e aujourd\u2019hui par V\u00e9ronique et sa fille Laura Anthony, l\u2019agence a su allier exp\u00e9rience, proximit\u00e9 et engagement, faisant [&hellip;]<\/p>\n","protected":false},"author":1,"featured_media":0,"parent":0,"menu_order":0,"comment_status":"closed","ping_status":"closed","template":"elementor_header_footer","meta":{"footnotes":""},"class_list":["post-3593","page","type-page","status-publish","hentry"],"_links":{"self":[{"href":"https:\/\/dev.jfm-audit.com\/epoque-gestion\/wp-json\/wp\/v2\/pages\/3593","targetHints":{"allow":["GET"]}}],"collection":[{"href":"https:\/\/dev.jfm-audit.com\/epoque-gestion\/wp-json\/wp\/v2\/pages"}],"about":[{"href":"https:\/\/dev.jfm-audit.com\/epoque-gestion\/wp-json\/wp\/v2\/types\/page"}],"author":[{"embeddable":true,"href":"https:\/\/dev.jfm-audit.com\/epoque-gestion\/wp-json\/wp\/v2\/users\/1"}],"replies":[{"embeddable":true,"href":"https:\/\/dev.jfm-audit.com\/epoque-gestion\/wp-json\/wp\/v2\/comments?post=3593"}],"version-history":[{"count":157,"href":"https:\/\/dev.jfm-audit.com\/epoque-gestion\/wp-json\/wp\/v2\/pages\/3593\/revisions"}],"predecessor-version":[{"id":6251,"href":"https:\/\/dev.jfm-audit.com\/epoque-gestion\/wp-json\/wp\/v2\/pages\/3593\/revisions\/6251"}],"wp:attachment":[{"href":"https:\/\/dev.jfm-audit.com\/epoque-gestion\/wp-json\/wp\/v2\/media?parent=3593"}],"curies":[{"name":"wp","href":"https:\/\/api.w.org\/{rel}","templated":true}]}}