{"id":265,"date":"2024-01-18T13:10:34","date_gmt":"2024-01-18T13:10:34","guid":{"rendered":"https:\/\/dev.jfm-audit.com\/service-domicile\/?page_id=265"},"modified":"2024-01-18T14:31:13","modified_gmt":"2024-01-18T14:31:13","slug":"aide-a-lhygiene","status":"publish","type":"page","link":"https:\/\/dev.jfm-audit.com\/service-domicile\/aide-a-lhygiene\/","title":{"rendered":"Travaux M\u00e9nagers"},"content":{"rendered":"\t\t<div data-elementor-type=\"wp-page\" data-elementor-id=\"265\" class=\"elementor elementor-265\" data-elementor-post-type=\"page\">\n\t\t\t\t\t\t<section class=\"elementor-section elementor-top-section elementor-element elementor-element-45dd870 elementor-section-boxed elementor-section-height-default elementor-section-height-default\" data-id=\"45dd870\" data-element_type=\"section\" data-settings=\"{&quot;background_background&quot;:&quot;gradient&quot;,&quot;jet_parallax_layout_list&quot;:[]}\">\n\t\t\t\t\t\t\t<div class=\"elementor-background-overlay\"><\/div>\n\t\t\t\t\t\t\t<div class=\"elementor-container elementor-column-gap-default\">\n\t\t\t\t\t<div class=\"elementor-column elementor-col-50 elementor-top-column elementor-element elementor-element-e60e3fc elementor-invisible\" data-id=\"e60e3fc\" data-element_type=\"column\" data-settings=\"{&quot;animation&quot;:&quot;zoomIn&quot;}\">\n\t\t\t<div class=\"elementor-widget-wrap elementor-element-populated\">\n\t\t\t\t\t\t<div class=\"elementor-element elementor-element-8184844 elementor-invisible elementor-widget elementor-widget-image\" data-id=\"8184844\" data-element_type=\"widget\" data-settings=\"{&quot;_animation&quot;:&quot;slideInLeft&quot;}\" data-widget_type=\"image.default\">\n\t\t\t\t<div class=\"elementor-widget-container\">\n\t\t\t\t\t\t\t\t\t\t\t\t\t<img fetchpriority=\"high\" decoding=\"async\" width=\"1536\" height=\"1024\" src=\"https:\/\/dev.jfm-audit.com\/service-domicile\/wp-content\/uploads\/2024\/01\/asian-senior-couple-doing-house-working-and-chores-2023-11-27-04-50-38-utc-1536x1024.jpg\" class=\"attachment-1536x1536 size-1536x1536 wp-image-360\" alt=\"\" srcset=\"https:\/\/dev.jfm-audit.com\/service-domicile\/wp-content\/uploads\/2024\/01\/asian-senior-couple-doing-house-working-and-chores-2023-11-27-04-50-38-utc-1536x1024.jpg 1536w, https:\/\/dev.jfm-audit.com\/service-domicile\/wp-content\/uploads\/2024\/01\/asian-senior-couple-doing-house-working-and-chores-2023-11-27-04-50-38-utc-300x200.jpg 300w, https:\/\/dev.jfm-audit.com\/service-domicile\/wp-content\/uploads\/2024\/01\/asian-senior-couple-doing-house-working-and-chores-2023-11-27-04-50-38-utc-1024x683.jpg 1024w, https:\/\/dev.jfm-audit.com\/service-domicile\/wp-content\/uploads\/2024\/01\/asian-senior-couple-doing-house-working-and-chores-2023-11-27-04-50-38-utc-768x512.jpg 768w, https:\/\/dev.jfm-audit.com\/service-domicile\/wp-content\/uploads\/2024\/01\/asian-senior-couple-doing-house-working-and-chores-2023-11-27-04-50-38-utc-2048x1365.jpg 2048w\" sizes=\"(max-width: 1536px) 100vw, 1536px\" \/>\t\t\t\t\t\t\t\t\t\t\t\t\t<\/div>\n\t\t\t\t<\/div>\n\t\t\t\t<div class=\"elementor-element elementor-element-a560c58 elementor-invisible elementor-widget elementor-widget-image\" data-id=\"a560c58\" data-element_type=\"widget\" data-settings=\"{&quot;_animation&quot;:&quot;slideInDown&quot;}\" data-widget_type=\"image.default\">\n\t\t\t\t<div class=\"elementor-widget-container\">\n\t\t\t\t\t\t\t\t\t\t\t\t\t<img decoding=\"async\" width=\"1536\" height=\"1024\" src=\"https:\/\/dev.jfm-audit.com\/service-domicile\/wp-content\/uploads\/2024\/01\/asian-senior-couple-doing-house-working-and-chores-2023-11-27-05-26-30-utc-1536x1024.jpg\" class=\"attachment-1536x1536 size-1536x1536 wp-image-361\" alt=\"\" srcset=\"https:\/\/dev.jfm-audit.com\/service-domicile\/wp-content\/uploads\/2024\/01\/asian-senior-couple-doing-house-working-and-chores-2023-11-27-05-26-30-utc-1536x1024.jpg 1536w, https:\/\/dev.jfm-audit.com\/service-domicile\/wp-content\/uploads\/2024\/01\/asian-senior-couple-doing-house-working-and-chores-2023-11-27-05-26-30-utc-300x200.jpg 300w, https:\/\/dev.jfm-audit.com\/service-domicile\/wp-content\/uploads\/2024\/01\/asian-senior-couple-doing-house-working-and-chores-2023-11-27-05-26-30-utc-1024x683.jpg 1024w, https:\/\/dev.jfm-audit.com\/service-domicile\/wp-content\/uploads\/2024\/01\/asian-senior-couple-doing-house-working-and-chores-2023-11-27-05-26-30-utc-768x512.jpg 768w, https:\/\/dev.jfm-audit.com\/service-domicile\/wp-content\/uploads\/2024\/01\/asian-senior-couple-doing-house-working-and-chores-2023-11-27-05-26-30-utc-2048x1365.jpg 2048w\" sizes=\"(max-width: 1536px) 100vw, 1536px\" \/>\t\t\t\t\t\t\t\t\t\t\t\t\t<\/div>\n\t\t\t\t<\/div>\n\t\t\t\t\t<\/div>\n\t\t<\/div>\n\t\t\t\t<div class=\"elementor-column elementor-col-50 elementor-top-column elementor-element elementor-element-ad968d1 elementor-invisible\" data-id=\"ad968d1\" data-element_type=\"column\" data-settings=\"{&quot;animation&quot;:&quot;slideInUp&quot;}\">\n\t\t\t<div class=\"elementor-widget-wrap elementor-element-populated\">\n\t\t\t\t\t\t<div class=\"elementor-element elementor-element-e79effd elementor-invisible elementor-widget elementor-widget-heading\" data-id=\"e79effd\" data-element_type=\"widget\" data-settings=\"{&quot;_animation&quot;:&quot;zoomIn&quot;}\" data-widget_type=\"heading.default\">\n\t\t\t\t<div class=\"elementor-widget-container\">\n\t\t\t<h5 class=\"elementor-heading-title elementor-size-default\">Travaux M\u00e9nagers<\/h5>\t\t<\/div>\n\t\t\t\t<\/div>\n\t\t\t\t<div class=\"elementor-element elementor-element-b8ac59e elementor-invisible elementor-widget elementor-widget-text-editor\" data-id=\"b8ac59e\" data-element_type=\"widget\" data-settings=\"{&quot;_animation&quot;:&quot;fadeInUp&quot;}\" data-widget_type=\"text-editor.default\">\n\t\t\t\t<div class=\"elementor-widget-container\">\n\t\t\t\t\t\t\t<p>Notre service de Travaux M\u00e9nagers est con\u00e7u pour vous offrir une maison propre, ordonn\u00e9e et accueillante, tout en soulageant le fardeau des t\u00e2ches m\u00e9nag\u00e8res. Nous comprenons que maintenir un environnement propre est essentiel pour votre confort, et notre \u00e9quipe qualifi\u00e9e est l\u00e0 pour prendre en charge les travaux m\u00e9nagers avec efficacit\u00e9 et professionnalisme.<\/p><p>Que ce soit pour le nettoyage r\u00e9gulier, le rangement, la lessive, ou toute autre t\u00e2che m\u00e9nag\u00e8re, nous sommes l\u00e0 pour r\u00e9pondre \u00e0 vos besoins sp\u00e9cifiques. Chez nous, les Travaux M\u00e9nagers vont au-del\u00e0 de la simple propret\u00e9. Nous nous engageons \u00e0 cr\u00e9er un espace qui correspond \u00e0 vos pr\u00e9f\u00e9rences et \u00e0 vos standards de propret\u00e9.<\/p>\t\t\t\t\t\t<\/div>\n\t\t\t\t<\/div>\n\t\t\t\t<div class=\"elementor-element elementor-element-1f419c8 elementor-align-left elementor-tablet-align-center elementor-invisible elementor-widget elementor-widget-button\" data-id=\"1f419c8\" data-element_type=\"widget\" data-settings=\"{&quot;_animation&quot;:&quot;zoomInUp&quot;}\" data-widget_type=\"button.default\">\n\t\t\t\t<div class=\"elementor-widget-container\">\n\t\t\t\t\t\t\t<div class=\"elementor-button-wrapper\">\n\t\t\t\t\t<a class=\"elementor-button elementor-button-link elementor-size-sm elementor-animation-float\" href=\"https:\/\/dev.jfm-audit.com\/service-domicile\/contact\/\">\n\t\t\t\t\t\t<span class=\"elementor-button-content-wrapper\">\n\t\t\t\t\t\t<span class=\"elementor-button-icon\">\n\t\t\t\t<i aria-hidden=\"true\" class=\"icon icon-chevron-right\"><\/i>\t\t\t<\/span>\n\t\t\t\t\t\t\t\t\t<span class=\"elementor-button-text\">Contactez-Nous<\/span>\n\t\t\t\t\t<\/span>\n\t\t\t\t\t<\/a>\n\t\t\t\t<\/div>\n\t\t\t\t\t\t<\/div>\n\t\t\t\t<\/div>\n\t\t\t\t\t<\/div>\n\t\t<\/div>\n\t\t\t\t\t<\/div>\n\t\t<\/section>\n\t\t\t\t<section class=\"elementor-section elementor-top-section elementor-element elementor-element-6c3f629 elementor-section-boxed elementor-section-height-default elementor-section-height-default\" data-id=\"6c3f629\" data-element_type=\"section\" data-settings=\"{&quot;background_background&quot;:&quot;classic&quot;,&quot;jet_parallax_layout_list&quot;:[]}\">\n\t\t\t\t\t\t\t<div class=\"elementor-background-overlay\"><\/div>\n\t\t\t\t\t\t\t<div class=\"elementor-container elementor-column-gap-default\">\n\t\t\t\t\t<div class=\"elementor-column elementor-col-100 elementor-top-column elementor-element elementor-element-2d8706f\" data-id=\"2d8706f\" data-element_type=\"column\">\n\t\t\t<div class=\"elementor-widget-wrap elementor-element-populated\">\n\t\t\t\t\t\t<section class=\"elementor-section elementor-inner-section elementor-element elementor-element-c584ab0 elementor-reverse-tablet elementor-section-boxed elementor-section-height-default elementor-section-height-default\" data-id=\"c584ab0\" data-element_type=\"section\" data-settings=\"{&quot;jet_parallax_layout_list&quot;:[]}\">\n\t\t\t\t\t\t<div class=\"elementor-container elementor-column-gap-default\">\n\t\t\t\t\t<div class=\"elementor-column elementor-col-50 elementor-inner-column elementor-element elementor-element-bff204a elementor-invisible\" data-id=\"bff204a\" data-element_type=\"column\" data-settings=\"{&quot;animation&quot;:&quot;fadeInDown&quot;}\">\n\t\t\t<div class=\"elementor-widget-wrap elementor-element-populated\">\n\t\t\t\t\t\t<div class=\"elementor-element elementor-element-64cacc3 elementor-widget elementor-widget-spacer\" data-id=\"64cacc3\" data-element_type=\"widget\" data-widget_type=\"spacer.default\">\n\t\t\t\t<div class=\"elementor-widget-container\">\n\t\t\t\t\t<div class=\"elementor-spacer\">\n\t\t\t<div class=\"elementor-spacer-inner\"><\/div>\n\t\t<\/div>\n\t\t\t\t<\/div>\n\t\t\t\t<\/div>\n\t\t\t\t<div class=\"elementor-element elementor-element-9e277a8 elementor-invisible elementor-widget elementor-widget-heading\" data-id=\"9e277a8\" data-element_type=\"widget\" data-settings=\"{&quot;_animation&quot;:&quot;zoomIn&quot;}\" data-widget_type=\"heading.default\">\n\t\t\t\t<div class=\"elementor-widget-container\">\n\t\t\t<h5 class=\"elementor-heading-title elementor-size-default\">\u00c0 Votre Rythme<\/h5>\t\t<\/div>\n\t\t\t\t<\/div>\n\t\t\t\t<div class=\"elementor-element elementor-element-edf79c2 elementor-widget elementor-widget-text-editor\" data-id=\"edf79c2\" data-element_type=\"widget\" data-widget_type=\"text-editor.default\">\n\t\t\t\t<div class=\"elementor-widget-container\">\n\t\t\t\t\t\t\t<p>Notre \u00e9quipe respecte votre espace personnel et prend en compte vos pr\u00e9f\u00e9rences en mati\u00e8re de nettoyage. Faites-nous part de vos attentes, de vos priorit\u00e9s en mati\u00e8re de m\u00e9nage, et laissez-nous prendre soin de votre domicile avec attention et d\u00e9vouement.<\/p><p>Les Travaux M\u00e9nagers sont une mani\u00e8re de cr\u00e9er un environnement sain et apaisant. Nous sommes honor\u00e9s de faire partie de votre quotidien et de vous offrir un soutien adapt\u00e9 \u00e0 vos besoins uniques.<\/p>\t\t\t\t\t\t<\/div>\n\t\t\t\t<\/div>\n\t\t\t\t\t<\/div>\n\t\t<\/div>\n\t\t\t\t<div class=\"elementor-column elementor-col-50 elementor-inner-column elementor-element elementor-element-c37b396 elementor-invisible\" data-id=\"c37b396\" data-element_type=\"column\" data-settings=\"{&quot;animation&quot;:&quot;fadeInUp&quot;}\">\n\t\t\t<div class=\"elementor-widget-wrap elementor-element-populated\">\n\t\t\t\t\t\t<div class=\"elementor-element elementor-element-77d52ab elementor-widget elementor-widget-image\" data-id=\"77d52ab\" data-element_type=\"widget\" data-widget_type=\"image.default\">\n\t\t\t\t<div class=\"elementor-widget-container\">\n\t\t\t\t\t\t\t\t\t\t\t\t\t<img decoding=\"async\" width=\"800\" height=\"534\" src=\"https:\/\/dev.jfm-audit.com\/service-domicile\/wp-content\/uploads\/2024\/01\/a-young-woman-wearing-protective-glove-cleaning-th-2023-11-27-04-51-54-utc-1024x683.jpg\" class=\"attachment-large size-large wp-image-359\" alt=\"\" srcset=\"https:\/\/dev.jfm-audit.com\/service-domicile\/wp-content\/uploads\/2024\/01\/a-young-woman-wearing-protective-glove-cleaning-th-2023-11-27-04-51-54-utc-1024x683.jpg 1024w, https:\/\/dev.jfm-audit.com\/service-domicile\/wp-content\/uploads\/2024\/01\/a-young-woman-wearing-protective-glove-cleaning-th-2023-11-27-04-51-54-utc-300x200.jpg 300w, https:\/\/dev.jfm-audit.com\/service-domicile\/wp-content\/uploads\/2024\/01\/a-young-woman-wearing-protective-glove-cleaning-th-2023-11-27-04-51-54-utc-768x512.jpg 768w, https:\/\/dev.jfm-audit.com\/service-domicile\/wp-content\/uploads\/2024\/01\/a-young-woman-wearing-protective-glove-cleaning-th-2023-11-27-04-51-54-utc-1536x1024.jpg 1536w, https:\/\/dev.jfm-audit.com\/service-domicile\/wp-content\/uploads\/2024\/01\/a-young-woman-wearing-protective-glove-cleaning-th-2023-11-27-04-51-54-utc-2048x1365.jpg 2048w\" sizes=\"(max-width: 800px) 100vw, 800px\" \/>\t\t\t\t\t\t\t\t\t\t\t\t\t<\/div>\n\t\t\t\t<\/div>\n\t\t\t\t\t<\/div>\n\t\t<\/div>\n\t\t\t\t\t<\/div>\n\t\t<\/section>\n\t\t\t\t\t<\/div>\n\t\t<\/div>\n\t\t\t\t\t<\/div>\n\t\t<\/section>\n\t\t\t\t<section class=\"elementor-section elementor-top-section elementor-element elementor-element-8cdde68 elementor-section-boxed elementor-section-height-default elementor-section-height-default\" data-id=\"8cdde68\" data-element_type=\"section\" data-settings=\"{&quot;background_background&quot;:&quot;classic&quot;,&quot;jet_parallax_layout_list&quot;:[]}\">\n\t\t\t\t\t\t<div class=\"elementor-container elementor-column-gap-default\">\n\t\t\t\t\t<div class=\"elementor-column elementor-col-100 elementor-top-column elementor-element elementor-element-92a5454\" data-id=\"92a5454\" data-element_type=\"column\">\n\t\t\t<div class=\"elementor-widget-wrap elementor-element-populated\">\n\t\t\t\t\t\t<section class=\"elementor-section elementor-inner-section elementor-element elementor-element-58f1628 elementor-section-boxed elementor-section-height-default elementor-section-height-default\" data-id=\"58f1628\" data-element_type=\"section\" data-settings=\"{&quot;jet_parallax_layout_list&quot;:[]}\">\n\t\t\t\t\t\t<div class=\"elementor-container elementor-column-gap-default\">\n\t\t\t\t\t<div class=\"elementor-column elementor-col-50 elementor-inner-column elementor-element elementor-element-c33f521 elementor-invisible\" data-id=\"c33f521\" data-element_type=\"column\" data-settings=\"{&quot;background_background&quot;:&quot;classic&quot;,&quot;animation&quot;:&quot;fadeInRight&quot;}\">\n\t\t\t<div class=\"elementor-widget-wrap elementor-element-populated\">\n\t\t\t\t\t\t<div class=\"elementor-element elementor-element-434e5bb elementor-view-default elementor-widget elementor-widget-icon\" data-id=\"434e5bb\" data-element_type=\"widget\" data-widget_type=\"icon.default\">\n\t\t\t\t<div class=\"elementor-widget-container\">\n\t\t\t\t\t<div class=\"elementor-icon-wrapper\">\n\t\t\t<div class=\"elementor-icon\">\n\t\t\t<i aria-hidden=\"true\" class=\"icon icon-heart-shape-outline\"><\/i>\t\t\t<\/div>\n\t\t<\/div>\n\t\t\t\t<\/div>\n\t\t\t\t<\/div>\n\t\t\t\t<div class=\"elementor-element elementor-element-82a4960 elementor-widget elementor-widget-counter\" data-id=\"82a4960\" data-element_type=\"widget\" data-widget_type=\"counter.default\">\n\t\t\t\t<div class=\"elementor-widget-container\">\n\t\t\t\t\t<div class=\"elementor-counter\">\n\t\t\t<div class=\"elementor-counter-title\">Clients Satisfait<\/div>\t\t\t<div class=\"elementor-counter-number-wrapper\">\n\t\t\t\t<span class=\"elementor-counter-number-prefix\"><\/span>\n\t\t\t\t<span class=\"elementor-counter-number\" data-duration=\"2000\" data-to-value=\"4610\" data-from-value=\"0\" data-delimiter=\",\">0<\/span>\n\t\t\t\t<span class=\"elementor-counter-number-suffix\"><\/span>\n\t\t\t<\/div>\n\t\t<\/div>\n\t\t\t\t<\/div>\n\t\t\t\t<\/div>\n\t\t\t\t\t<\/div>\n\t\t<\/div>\n\t\t\t\t<div class=\"elementor-column elementor-col-50 elementor-inner-column elementor-element elementor-element-8009de8\" data-id=\"8009de8\" data-element_type=\"column\">\n\t\t\t<div class=\"elementor-widget-wrap elementor-element-populated\">\n\t\t\t\t\t\t<div class=\"elementor-element elementor-element-3dc2227 elementor-widget elementor-widget-text-editor\" data-id=\"3dc2227\" data-element_type=\"widget\" data-widget_type=\"text-editor.default\">\n\t\t\t\t<div class=\"elementor-widget-container\">\n\t\t\t\t\t\t\t<p>Nous sommes fiers de vous offrir une assistance personnalis\u00e9e, vous permettant de profiter d&rsquo;un foyer propre et ordonn\u00e9 en toute tranquillit\u00e9 d&rsquo;esprit.<\/p>\t\t\t\t\t\t<\/div>\n\t\t\t\t<\/div>\n\t\t\t\t\t<\/div>\n\t\t<\/div>\n\t\t\t\t\t<\/div>\n\t\t<\/section>\n\t\t\t\t\t<\/div>\n\t\t<\/div>\n\t\t\t\t\t<\/div>\n\t\t<\/section>\n\t\t\t\t<\/div>\n\t\t","protected":false},"excerpt":{"rendered":"<p>Travaux M\u00e9nagers Notre service de Travaux M\u00e9nagers est con\u00e7u pour vous offrir une maison propre, ordonn\u00e9e et accueillante, tout en soulageant le fardeau des t\u00e2ches m\u00e9nag\u00e8res. Nous comprenons que maintenir un environnement propre est essentiel pour votre confort, et notre \u00e9quipe qualifi\u00e9e est l\u00e0 pour prendre en charge les travaux m\u00e9nagers avec efficacit\u00e9 et professionnalisme. [&hellip;]<\/p>\n","protected":false},"author":1,"featured_media":0,"parent":0,"menu_order":0,"comment_status":"closed","ping_status":"closed","template":"elementor_header_footer","meta":{"footnotes":""},"class_list":["post-265","page","type-page","status-publish","hentry"],"_links":{"self":[{"href":"https:\/\/dev.jfm-audit.com\/service-domicile\/wp-json\/wp\/v2\/pages\/265","targetHints":{"allow":["GET"]}}],"collection":[{"href":"https:\/\/dev.jfm-audit.com\/service-domicile\/wp-json\/wp\/v2\/pages"}],"about":[{"href":"https:\/\/dev.jfm-audit.com\/service-domicile\/wp-json\/wp\/v2\/types\/page"}],"author":[{"embeddable":true,"href":"https:\/\/dev.jfm-audit.com\/service-domicile\/wp-json\/wp\/v2\/users\/1"}],"replies":[{"embeddable":true,"href":"https:\/\/dev.jfm-audit.com\/service-domicile\/wp-json\/wp\/v2\/comments?post=265"}],"version-history":[{"count":5,"href":"https:\/\/dev.jfm-audit.com\/service-domicile\/wp-json\/wp\/v2\/pages\/265\/revisions"}],"predecessor-version":[{"id":364,"href":"https:\/\/dev.jfm-audit.com\/service-domicile\/wp-json\/wp\/v2\/pages\/265\/revisions\/364"}],"wp:attachment":[{"href":"https:\/\/dev.jfm-audit.com\/service-domicile\/wp-json\/wp\/v2\/media?parent=265"}],"curies":[{"name":"wp","href":"https:\/\/api.w.org\/{rel}","templated":true}]}}