{"id":275,"date":"2024-01-18T13:14:02","date_gmt":"2024-01-18T13:14:02","guid":{"rendered":"https:\/\/dev.jfm-audit.com\/service-domicile\/?page_id=275"},"modified":"2024-01-18T14:00:21","modified_gmt":"2024-01-18T14:00:21","slug":"accompagnement","status":"publish","type":"page","link":"https:\/\/dev.jfm-audit.com\/service-domicile\/accompagnement\/","title":{"rendered":"Accompagnement"},"content":{"rendered":"\t\t<div data-elementor-type=\"wp-page\" data-elementor-id=\"275\" class=\"elementor elementor-275\" data-elementor-post-type=\"page\">\n\t\t\t\t\t\t<section class=\"elementor-section elementor-top-section elementor-element elementor-element-6a328917 elementor-section-boxed elementor-section-height-default elementor-section-height-default\" data-id=\"6a328917\" data-element_type=\"section\" data-settings=\"{&quot;background_background&quot;:&quot;gradient&quot;,&quot;jet_parallax_layout_list&quot;:[]}\">\n\t\t\t\t\t\t\t<div class=\"elementor-background-overlay\"><\/div>\n\t\t\t\t\t\t\t<div class=\"elementor-container elementor-column-gap-default\">\n\t\t\t\t\t<div class=\"elementor-column elementor-col-50 elementor-top-column elementor-element elementor-element-248fc71c elementor-invisible\" data-id=\"248fc71c\" data-element_type=\"column\" data-settings=\"{&quot;animation&quot;:&quot;zoomIn&quot;}\">\n\t\t\t<div class=\"elementor-widget-wrap elementor-element-populated\">\n\t\t\t\t\t\t<div class=\"elementor-element elementor-element-3270085 elementor-invisible elementor-widget elementor-widget-image\" data-id=\"3270085\" data-element_type=\"widget\" data-settings=\"{&quot;_animation&quot;:&quot;slideInLeft&quot;}\" data-widget_type=\"image.default\">\n\t\t\t\t<div class=\"elementor-widget-container\">\n\t\t\t\t\t\t\t\t\t\t\t\t\t<img fetchpriority=\"high\" decoding=\"async\" width=\"1536\" height=\"1024\" src=\"https:\/\/dev.jfm-audit.com\/service-domicile\/wp-content\/uploads\/2024\/01\/family-supporting-the-elderly-in-wheelchairs-2023-11-27-05-22-35-utc-1-1536x1024.jpg\" class=\"attachment-1536x1536 size-1536x1536 wp-image-291\" alt=\"\" srcset=\"https:\/\/dev.jfm-audit.com\/service-domicile\/wp-content\/uploads\/2024\/01\/family-supporting-the-elderly-in-wheelchairs-2023-11-27-05-22-35-utc-1-1536x1024.jpg 1536w, https:\/\/dev.jfm-audit.com\/service-domicile\/wp-content\/uploads\/2024\/01\/family-supporting-the-elderly-in-wheelchairs-2023-11-27-05-22-35-utc-1-300x200.jpg 300w, https:\/\/dev.jfm-audit.com\/service-domicile\/wp-content\/uploads\/2024\/01\/family-supporting-the-elderly-in-wheelchairs-2023-11-27-05-22-35-utc-1-1024x683.jpg 1024w, https:\/\/dev.jfm-audit.com\/service-domicile\/wp-content\/uploads\/2024\/01\/family-supporting-the-elderly-in-wheelchairs-2023-11-27-05-22-35-utc-1-768x512.jpg 768w, https:\/\/dev.jfm-audit.com\/service-domicile\/wp-content\/uploads\/2024\/01\/family-supporting-the-elderly-in-wheelchairs-2023-11-27-05-22-35-utc-1-2048x1365.jpg 2048w\" sizes=\"(max-width: 1536px) 100vw, 1536px\" \/>\t\t\t\t\t\t\t\t\t\t\t\t\t<\/div>\n\t\t\t\t<\/div>\n\t\t\t\t<div class=\"elementor-element elementor-element-72ab2c95 elementor-invisible elementor-widget elementor-widget-image\" data-id=\"72ab2c95\" data-element_type=\"widget\" data-settings=\"{&quot;_animation&quot;:&quot;slideInDown&quot;}\" data-widget_type=\"image.default\">\n\t\t\t\t<div class=\"elementor-widget-container\">\n\t\t\t\t\t\t\t\t\t\t\t\t\t<img decoding=\"async\" width=\"1536\" height=\"1024\" src=\"https:\/\/dev.jfm-audit.com\/service-domicile\/wp-content\/uploads\/2024\/01\/family-supporting-the-elderly-in-wheelchairs-2023-11-27-05-26-49-utc-1536x1024.jpg\" class=\"attachment-1536x1536 size-1536x1536 wp-image-290\" alt=\"\" srcset=\"https:\/\/dev.jfm-audit.com\/service-domicile\/wp-content\/uploads\/2024\/01\/family-supporting-the-elderly-in-wheelchairs-2023-11-27-05-26-49-utc-1536x1024.jpg 1536w, https:\/\/dev.jfm-audit.com\/service-domicile\/wp-content\/uploads\/2024\/01\/family-supporting-the-elderly-in-wheelchairs-2023-11-27-05-26-49-utc-300x200.jpg 300w, https:\/\/dev.jfm-audit.com\/service-domicile\/wp-content\/uploads\/2024\/01\/family-supporting-the-elderly-in-wheelchairs-2023-11-27-05-26-49-utc-1024x683.jpg 1024w, https:\/\/dev.jfm-audit.com\/service-domicile\/wp-content\/uploads\/2024\/01\/family-supporting-the-elderly-in-wheelchairs-2023-11-27-05-26-49-utc-768x512.jpg 768w, https:\/\/dev.jfm-audit.com\/service-domicile\/wp-content\/uploads\/2024\/01\/family-supporting-the-elderly-in-wheelchairs-2023-11-27-05-26-49-utc-2048x1365.jpg 2048w\" sizes=\"(max-width: 1536px) 100vw, 1536px\" \/>\t\t\t\t\t\t\t\t\t\t\t\t\t<\/div>\n\t\t\t\t<\/div>\n\t\t\t\t\t<\/div>\n\t\t<\/div>\n\t\t\t\t<div class=\"elementor-column elementor-col-50 elementor-top-column elementor-element elementor-element-3d2b0b13 elementor-invisible\" data-id=\"3d2b0b13\" data-element_type=\"column\" data-settings=\"{&quot;animation&quot;:&quot;slideInUp&quot;}\">\n\t\t\t<div class=\"elementor-widget-wrap elementor-element-populated\">\n\t\t\t\t\t\t<div class=\"elementor-element elementor-element-54a555e8 elementor-invisible elementor-widget elementor-widget-heading\" data-id=\"54a555e8\" data-element_type=\"widget\" data-settings=\"{&quot;_animation&quot;:&quot;zoomIn&quot;}\" data-widget_type=\"heading.default\">\n\t\t\t\t<div class=\"elementor-widget-container\">\n\t\t\t<h5 class=\"elementor-heading-title elementor-size-default\">Accompagnement<\/h5>\t\t<\/div>\n\t\t\t\t<\/div>\n\t\t\t\t<div class=\"elementor-element elementor-element-5789364d elementor-invisible elementor-widget elementor-widget-text-editor\" data-id=\"5789364d\" data-element_type=\"widget\" data-settings=\"{&quot;_animation&quot;:&quot;fadeInUp&quot;}\" data-widget_type=\"text-editor.default\">\n\t\t\t\t<div class=\"elementor-widget-container\">\n\t\t\t\t\t\t\t<p>Notre service d&rsquo;accompagnement a pour mission de simplifier votre quotidien en vous offrant un soutien personnalis\u00e9 et attentionn\u00e9. Que ce soit pour des d\u00e9placements, des rendez-vous m\u00e9dicaux, des courses ou simplement pour partager un moment convivial, notre \u00e9quipe d\u00e9di\u00e9e est l\u00e0 pour r\u00e9pondre \u00e0 vos besoins.<\/p><p>Chez nous, l&rsquo;accompagnement va bien au-del\u00e0 du service traditionnel. Nous nous engageons \u00e0 cr\u00e9er une relation de confiance, \u00e0 comprendre vos pr\u00e9f\u00e9rences individuelles et \u00e0 vous offrir une assistance sur mesure. Notre objectif est de vous permettre de conserver votre autonomie tout en b\u00e9n\u00e9ficiant d&rsquo;un soutien chaleureux.<\/p>\t\t\t\t\t\t<\/div>\n\t\t\t\t<\/div>\n\t\t\t\t<div class=\"elementor-element elementor-element-3a64316a elementor-align-left elementor-tablet-align-center elementor-invisible elementor-widget elementor-widget-button\" data-id=\"3a64316a\" data-element_type=\"widget\" data-settings=\"{&quot;_animation&quot;:&quot;zoomInUp&quot;}\" data-widget_type=\"button.default\">\n\t\t\t\t<div class=\"elementor-widget-container\">\n\t\t\t\t\t\t\t<div class=\"elementor-button-wrapper\">\n\t\t\t\t\t<a class=\"elementor-button elementor-button-link elementor-size-sm elementor-animation-float\" href=\"https:\/\/dev.jfm-audit.com\/service-domicile\/contact\/\">\n\t\t\t\t\t\t<span class=\"elementor-button-content-wrapper\">\n\t\t\t\t\t\t<span class=\"elementor-button-icon\">\n\t\t\t\t<i aria-hidden=\"true\" class=\"icon icon-chevron-right\"><\/i>\t\t\t<\/span>\n\t\t\t\t\t\t\t\t\t<span class=\"elementor-button-text\">Contactez-Nous<\/span>\n\t\t\t\t\t<\/span>\n\t\t\t\t\t<\/a>\n\t\t\t\t<\/div>\n\t\t\t\t\t\t<\/div>\n\t\t\t\t<\/div>\n\t\t\t\t\t<\/div>\n\t\t<\/div>\n\t\t\t\t\t<\/div>\n\t\t<\/section>\n\t\t\t\t<section class=\"elementor-section elementor-top-section elementor-element elementor-element-797867bf elementor-section-boxed elementor-section-height-default elementor-section-height-default\" data-id=\"797867bf\" data-element_type=\"section\" data-settings=\"{&quot;background_background&quot;:&quot;classic&quot;,&quot;jet_parallax_layout_list&quot;:[]}\">\n\t\t\t\t\t\t\t<div class=\"elementor-background-overlay\"><\/div>\n\t\t\t\t\t\t\t<div class=\"elementor-container elementor-column-gap-default\">\n\t\t\t\t\t<div class=\"elementor-column elementor-col-100 elementor-top-column elementor-element elementor-element-5b04f295\" data-id=\"5b04f295\" data-element_type=\"column\">\n\t\t\t<div class=\"elementor-widget-wrap elementor-element-populated\">\n\t\t\t\t\t\t<section class=\"elementor-section elementor-inner-section elementor-element elementor-element-6aad3081 elementor-reverse-tablet elementor-section-boxed elementor-section-height-default elementor-section-height-default\" data-id=\"6aad3081\" data-element_type=\"section\" data-settings=\"{&quot;jet_parallax_layout_list&quot;:[]}\">\n\t\t\t\t\t\t<div class=\"elementor-container elementor-column-gap-default\">\n\t\t\t\t\t<div class=\"elementor-column elementor-col-50 elementor-inner-column elementor-element elementor-element-73994cc7 elementor-invisible\" data-id=\"73994cc7\" data-element_type=\"column\" data-settings=\"{&quot;animation&quot;:&quot;fadeInDown&quot;}\">\n\t\t\t<div class=\"elementor-widget-wrap elementor-element-populated\">\n\t\t\t\t\t\t<div class=\"elementor-element elementor-element-13118832 elementor-widget elementor-widget-spacer\" data-id=\"13118832\" data-element_type=\"widget\" data-widget_type=\"spacer.default\">\n\t\t\t\t<div class=\"elementor-widget-container\">\n\t\t\t\t\t<div class=\"elementor-spacer\">\n\t\t\t<div class=\"elementor-spacer-inner\"><\/div>\n\t\t<\/div>\n\t\t\t\t<\/div>\n\t\t\t\t<\/div>\n\t\t\t\t<div class=\"elementor-element elementor-element-6a299b9c elementor-invisible elementor-widget elementor-widget-heading\" data-id=\"6a299b9c\" data-element_type=\"widget\" data-settings=\"{&quot;_animation&quot;:&quot;zoomIn&quot;}\" data-widget_type=\"heading.default\">\n\t\t\t\t<div class=\"elementor-widget-container\">\n\t\t\t<h5 class=\"elementor-heading-title elementor-size-default\">Plus qu'un Service<\/h5>\t\t<\/div>\n\t\t\t\t<\/div>\n\t\t\t\t<div class=\"elementor-element elementor-element-20a35381 elementor-widget elementor-widget-text-editor\" data-id=\"20a35381\" data-element_type=\"widget\" data-widget_type=\"text-editor.default\">\n\t\t\t\t<div class=\"elementor-widget-container\">\n\t\t\t\t\t\t\t<p>Que vous ayez besoin d&rsquo;une main amicale pour vos sorties ou d&rsquo;une pr\u00e9sence rassurante \u00e0 domicile, notre \u00e9quipe qualifi\u00e9e est l\u00e0 pour vous accompagner \u00e0 chaque \u00e9tape. Faites-nous part de vos besoins, et laissez-nous prendre soin de vous avec professionnalisme et bienveillance.<\/p><p>L&rsquo;accompagnement va au-del\u00e0 des services, c&rsquo;est une relation privil\u00e9gi\u00e9e qui vise \u00e0 am\u00e9liorer votre qualit\u00e9 de vie. Nous sommes honor\u00e9s de faire partie de votre quotidien et de vous offrir un soutien adapt\u00e9 \u00e0 vos besoins uniques.<\/p>\t\t\t\t\t\t<\/div>\n\t\t\t\t<\/div>\n\t\t\t\t\t<\/div>\n\t\t<\/div>\n\t\t\t\t<div class=\"elementor-column elementor-col-50 elementor-inner-column elementor-element elementor-element-daa99dd elementor-invisible\" data-id=\"daa99dd\" data-element_type=\"column\" data-settings=\"{&quot;animation&quot;:&quot;fadeInUp&quot;}\">\n\t\t\t<div class=\"elementor-widget-wrap elementor-element-populated\">\n\t\t\t\t\t\t<div class=\"elementor-element elementor-element-5c733a9 elementor-widget elementor-widget-image\" data-id=\"5c733a9\" data-element_type=\"widget\" data-widget_type=\"image.default\">\n\t\t\t\t<div class=\"elementor-widget-container\">\n\t\t\t\t\t\t\t\t\t\t\t\t\t<img decoding=\"async\" width=\"800\" height=\"450\" src=\"https:\/\/dev.jfm-audit.com\/service-domicile\/wp-content\/uploads\/2024\/01\/elderly-medic-giving-support-to-injured-patient-2023-11-27-05-35-05-utc-1024x576.jpg\" class=\"attachment-large size-large wp-image-292\" alt=\"\" srcset=\"https:\/\/dev.jfm-audit.com\/service-domicile\/wp-content\/uploads\/2024\/01\/elderly-medic-giving-support-to-injured-patient-2023-11-27-05-35-05-utc-1024x576.jpg 1024w, https:\/\/dev.jfm-audit.com\/service-domicile\/wp-content\/uploads\/2024\/01\/elderly-medic-giving-support-to-injured-patient-2023-11-27-05-35-05-utc-300x169.jpg 300w, https:\/\/dev.jfm-audit.com\/service-domicile\/wp-content\/uploads\/2024\/01\/elderly-medic-giving-support-to-injured-patient-2023-11-27-05-35-05-utc-768x432.jpg 768w, https:\/\/dev.jfm-audit.com\/service-domicile\/wp-content\/uploads\/2024\/01\/elderly-medic-giving-support-to-injured-patient-2023-11-27-05-35-05-utc-1536x864.jpg 1536w, https:\/\/dev.jfm-audit.com\/service-domicile\/wp-content\/uploads\/2024\/01\/elderly-medic-giving-support-to-injured-patient-2023-11-27-05-35-05-utc-2048x1152.jpg 2048w\" sizes=\"(max-width: 800px) 100vw, 800px\" \/>\t\t\t\t\t\t\t\t\t\t\t\t\t<\/div>\n\t\t\t\t<\/div>\n\t\t\t\t\t<\/div>\n\t\t<\/div>\n\t\t\t\t\t<\/div>\n\t\t<\/section>\n\t\t\t\t\t<\/div>\n\t\t<\/div>\n\t\t\t\t\t<\/div>\n\t\t<\/section>\n\t\t\t\t<section class=\"elementor-section elementor-top-section elementor-element elementor-element-29b487ae elementor-section-boxed elementor-section-height-default elementor-section-height-default\" data-id=\"29b487ae\" data-element_type=\"section\" data-settings=\"{&quot;background_background&quot;:&quot;classic&quot;,&quot;jet_parallax_layout_list&quot;:[]}\">\n\t\t\t\t\t\t<div class=\"elementor-container elementor-column-gap-default\">\n\t\t\t\t\t<div class=\"elementor-column elementor-col-100 elementor-top-column elementor-element elementor-element-1f2047c3\" data-id=\"1f2047c3\" data-element_type=\"column\">\n\t\t\t<div class=\"elementor-widget-wrap elementor-element-populated\">\n\t\t\t\t\t\t<section class=\"elementor-section elementor-inner-section elementor-element elementor-element-30e31930 elementor-section-boxed elementor-section-height-default elementor-section-height-default\" data-id=\"30e31930\" data-element_type=\"section\" data-settings=\"{&quot;jet_parallax_layout_list&quot;:[]}\">\n\t\t\t\t\t\t<div class=\"elementor-container elementor-column-gap-default\">\n\t\t\t\t\t<div class=\"elementor-column elementor-col-50 elementor-inner-column elementor-element elementor-element-1f2821e9 elementor-invisible\" data-id=\"1f2821e9\" data-element_type=\"column\" data-settings=\"{&quot;background_background&quot;:&quot;classic&quot;,&quot;animation&quot;:&quot;fadeInRight&quot;}\">\n\t\t\t<div class=\"elementor-widget-wrap elementor-element-populated\">\n\t\t\t\t\t\t<div class=\"elementor-element elementor-element-73175a22 elementor-view-default elementor-widget elementor-widget-icon\" data-id=\"73175a22\" data-element_type=\"widget\" data-widget_type=\"icon.default\">\n\t\t\t\t<div class=\"elementor-widget-container\">\n\t\t\t\t\t<div class=\"elementor-icon-wrapper\">\n\t\t\t<div class=\"elementor-icon\">\n\t\t\t<i aria-hidden=\"true\" class=\"icon icon-heart-shape-outline\"><\/i>\t\t\t<\/div>\n\t\t<\/div>\n\t\t\t\t<\/div>\n\t\t\t\t<\/div>\n\t\t\t\t<div class=\"elementor-element elementor-element-1618f38a elementor-widget elementor-widget-counter\" data-id=\"1618f38a\" data-element_type=\"widget\" data-widget_type=\"counter.default\">\n\t\t\t\t<div class=\"elementor-widget-container\">\n\t\t\t\t\t<div class=\"elementor-counter\">\n\t\t\t<div class=\"elementor-counter-title\">Clients Satisfait<\/div>\t\t\t<div class=\"elementor-counter-number-wrapper\">\n\t\t\t\t<span class=\"elementor-counter-number-prefix\"><\/span>\n\t\t\t\t<span class=\"elementor-counter-number\" data-duration=\"2000\" data-to-value=\"4610\" data-from-value=\"0\" data-delimiter=\",\">0<\/span>\n\t\t\t\t<span class=\"elementor-counter-number-suffix\"><\/span>\n\t\t\t<\/div>\n\t\t<\/div>\n\t\t\t\t<\/div>\n\t\t\t\t<\/div>\n\t\t\t\t\t<\/div>\n\t\t<\/div>\n\t\t\t\t<div class=\"elementor-column elementor-col-50 elementor-inner-column elementor-element elementor-element-2914bf02\" data-id=\"2914bf02\" data-element_type=\"column\">\n\t\t\t<div class=\"elementor-widget-wrap elementor-element-populated\">\n\t\t\t\t\t\t<div class=\"elementor-element elementor-element-3570900 elementor-widget elementor-widget-text-editor\" data-id=\"3570900\" data-element_type=\"widget\" data-widget_type=\"text-editor.default\">\n\t\t\t\t<div class=\"elementor-widget-container\">\n\t\t\t\t\t\t\t<p>Faites le choix du confort, choisissez nous pour votre service d&rsquo;accompagnement.<\/p>\t\t\t\t\t\t<\/div>\n\t\t\t\t<\/div>\n\t\t\t\t\t<\/div>\n\t\t<\/div>\n\t\t\t\t\t<\/div>\n\t\t<\/section>\n\t\t\t\t\t<\/div>\n\t\t<\/div>\n\t\t\t\t\t<\/div>\n\t\t<\/section>\n\t\t\t\t<\/div>\n\t\t","protected":false},"excerpt":{"rendered":"<p>Accompagnement Notre service d&rsquo;accompagnement a pour mission de simplifier votre quotidien en vous offrant un soutien personnalis\u00e9 et attentionn\u00e9. Que ce soit pour des d\u00e9placements, des rendez-vous m\u00e9dicaux, des courses ou simplement pour partager un moment convivial, notre \u00e9quipe d\u00e9di\u00e9e est l\u00e0 pour r\u00e9pondre \u00e0 vos besoins. Chez nous, l&rsquo;accompagnement va bien au-del\u00e0 du service [&hellip;]<\/p>\n","protected":false},"author":1,"featured_media":0,"parent":0,"menu_order":0,"comment_status":"closed","ping_status":"closed","template":"elementor_header_footer","meta":{"footnotes":""},"class_list":["post-275","page","type-page","status-publish","hentry"],"_links":{"self":[{"href":"https:\/\/dev.jfm-audit.com\/service-domicile\/wp-json\/wp\/v2\/pages\/275","targetHints":{"allow":["GET"]}}],"collection":[{"href":"https:\/\/dev.jfm-audit.com\/service-domicile\/wp-json\/wp\/v2\/pages"}],"about":[{"href":"https:\/\/dev.jfm-audit.com\/service-domicile\/wp-json\/wp\/v2\/types\/page"}],"author":[{"embeddable":true,"href":"https:\/\/dev.jfm-audit.com\/service-domicile\/wp-json\/wp\/v2\/users\/1"}],"replies":[{"embeddable":true,"href":"https:\/\/dev.jfm-audit.com\/service-domicile\/wp-json\/wp\/v2\/comments?post=275"}],"version-history":[{"count":22,"href":"https:\/\/dev.jfm-audit.com\/service-domicile\/wp-json\/wp\/v2\/pages\/275\/revisions"}],"predecessor-version":[{"id":335,"href":"https:\/\/dev.jfm-audit.com\/service-domicile\/wp-json\/wp\/v2\/pages\/275\/revisions\/335"}],"wp:attachment":[{"href":"https:\/\/dev.jfm-audit.com\/service-domicile\/wp-json\/wp\/v2\/media?parent=275"}],"curies":[{"name":"wp","href":"https:\/\/api.w.org\/{rel}","templated":true}]}}