{"id":277,"date":"2024-01-18T13:14:38","date_gmt":"2024-01-18T13:14:38","guid":{"rendered":"https:\/\/dev.jfm-audit.com\/service-domicile\/?page_id=277"},"modified":"2024-01-18T13:59:01","modified_gmt":"2024-01-18T13:59:01","slug":"aide-au-repas","status":"publish","type":"page","link":"https:\/\/dev.jfm-audit.com\/service-domicile\/aide-au-repas\/","title":{"rendered":"Aide au Repas"},"content":{"rendered":"\t\t<div data-elementor-type=\"wp-page\" data-elementor-id=\"277\" class=\"elementor elementor-277\" data-elementor-post-type=\"page\">\n\t\t\t\t\t\t<section class=\"elementor-section elementor-top-section elementor-element elementor-element-05628bb elementor-section-boxed elementor-section-height-default elementor-section-height-default\" data-id=\"05628bb\" data-element_type=\"section\" data-settings=\"{&quot;background_background&quot;:&quot;gradient&quot;,&quot;jet_parallax_layout_list&quot;:[]}\">\n\t\t\t\t\t\t\t<div class=\"elementor-background-overlay\"><\/div>\n\t\t\t\t\t\t\t<div class=\"elementor-container elementor-column-gap-default\">\n\t\t\t\t\t<div class=\"elementor-column elementor-col-50 elementor-top-column elementor-element elementor-element-077ceca elementor-invisible\" data-id=\"077ceca\" data-element_type=\"column\" data-settings=\"{&quot;animation&quot;:&quot;zoomIn&quot;}\">\n\t\t\t<div class=\"elementor-widget-wrap elementor-element-populated\">\n\t\t\t\t\t\t<div class=\"elementor-element elementor-element-091c381 elementor-invisible elementor-widget elementor-widget-image\" data-id=\"091c381\" data-element_type=\"widget\" data-settings=\"{&quot;_animation&quot;:&quot;slideInLeft&quot;}\" data-widget_type=\"image.default\">\n\t\t\t\t<div class=\"elementor-widget-container\">\n\t\t\t\t\t\t\t\t\t\t\t\t\t<img fetchpriority=\"high\" decoding=\"async\" width=\"1536\" height=\"1024\" src=\"https:\/\/dev.jfm-audit.com\/service-domicile\/wp-content\/uploads\/2024\/01\/happy-senior-couple-enjoying-and-cooking-healthy-d-2023-11-27-05-22-09-utc-1536x1024.jpg\" class=\"attachment-1536x1536 size-1536x1536 wp-image-320\" alt=\"\" srcset=\"https:\/\/dev.jfm-audit.com\/service-domicile\/wp-content\/uploads\/2024\/01\/happy-senior-couple-enjoying-and-cooking-healthy-d-2023-11-27-05-22-09-utc-1536x1024.jpg 1536w, https:\/\/dev.jfm-audit.com\/service-domicile\/wp-content\/uploads\/2024\/01\/happy-senior-couple-enjoying-and-cooking-healthy-d-2023-11-27-05-22-09-utc-300x200.jpg 300w, https:\/\/dev.jfm-audit.com\/service-domicile\/wp-content\/uploads\/2024\/01\/happy-senior-couple-enjoying-and-cooking-healthy-d-2023-11-27-05-22-09-utc-1024x682.jpg 1024w, https:\/\/dev.jfm-audit.com\/service-domicile\/wp-content\/uploads\/2024\/01\/happy-senior-couple-enjoying-and-cooking-healthy-d-2023-11-27-05-22-09-utc-768x512.jpg 768w, https:\/\/dev.jfm-audit.com\/service-domicile\/wp-content\/uploads\/2024\/01\/happy-senior-couple-enjoying-and-cooking-healthy-d-2023-11-27-05-22-09-utc-2048x1365.jpg 2048w\" sizes=\"(max-width: 1536px) 100vw, 1536px\" \/>\t\t\t\t\t\t\t\t\t\t\t\t\t<\/div>\n\t\t\t\t<\/div>\n\t\t\t\t<div class=\"elementor-element elementor-element-9695c73 elementor-invisible elementor-widget elementor-widget-image\" data-id=\"9695c73\" data-element_type=\"widget\" data-settings=\"{&quot;_animation&quot;:&quot;slideInDown&quot;}\" data-widget_type=\"image.default\">\n\t\t\t\t<div class=\"elementor-widget-container\">\n\t\t\t\t\t\t\t\t\t\t\t\t\t<img decoding=\"async\" width=\"1536\" height=\"1024\" src=\"https:\/\/dev.jfm-audit.com\/service-domicile\/wp-content\/uploads\/2024\/01\/senior-couple-cooking-at-home-while-preparing-vege-2023-11-27-05-24-56-utc-1536x1024.jpg\" class=\"attachment-1536x1536 size-1536x1536 wp-image-319\" alt=\"\" srcset=\"https:\/\/dev.jfm-audit.com\/service-domicile\/wp-content\/uploads\/2024\/01\/senior-couple-cooking-at-home-while-preparing-vege-2023-11-27-05-24-56-utc-1536x1024.jpg 1536w, https:\/\/dev.jfm-audit.com\/service-domicile\/wp-content\/uploads\/2024\/01\/senior-couple-cooking-at-home-while-preparing-vege-2023-11-27-05-24-56-utc-300x200.jpg 300w, https:\/\/dev.jfm-audit.com\/service-domicile\/wp-content\/uploads\/2024\/01\/senior-couple-cooking-at-home-while-preparing-vege-2023-11-27-05-24-56-utc-1024x683.jpg 1024w, https:\/\/dev.jfm-audit.com\/service-domicile\/wp-content\/uploads\/2024\/01\/senior-couple-cooking-at-home-while-preparing-vege-2023-11-27-05-24-56-utc-768x512.jpg 768w, https:\/\/dev.jfm-audit.com\/service-domicile\/wp-content\/uploads\/2024\/01\/senior-couple-cooking-at-home-while-preparing-vege-2023-11-27-05-24-56-utc-2048x1365.jpg 2048w\" sizes=\"(max-width: 1536px) 100vw, 1536px\" \/>\t\t\t\t\t\t\t\t\t\t\t\t\t<\/div>\n\t\t\t\t<\/div>\n\t\t\t\t\t<\/div>\n\t\t<\/div>\n\t\t\t\t<div class=\"elementor-column elementor-col-50 elementor-top-column elementor-element elementor-element-0180733 elementor-invisible\" data-id=\"0180733\" data-element_type=\"column\" data-settings=\"{&quot;animation&quot;:&quot;slideInUp&quot;}\">\n\t\t\t<div class=\"elementor-widget-wrap elementor-element-populated\">\n\t\t\t\t\t\t<div class=\"elementor-element elementor-element-2b81077 elementor-invisible elementor-widget elementor-widget-heading\" data-id=\"2b81077\" data-element_type=\"widget\" data-settings=\"{&quot;_animation&quot;:&quot;zoomIn&quot;}\" data-widget_type=\"heading.default\">\n\t\t\t\t<div class=\"elementor-widget-container\">\n\t\t\t<h5 class=\"elementor-heading-title elementor-size-default\">Aide au repas<\/h5>\t\t<\/div>\n\t\t\t\t<\/div>\n\t\t\t\t<div class=\"elementor-element elementor-element-9513697 elementor-invisible elementor-widget elementor-widget-text-editor\" data-id=\"9513697\" data-element_type=\"widget\" data-settings=\"{&quot;_animation&quot;:&quot;fadeInUp&quot;}\" data-widget_type=\"text-editor.default\">\n\t\t\t\t<div class=\"elementor-widget-container\">\n\t\t\t\t\t\t\t<p>Notre \u00e9quipe qualifi\u00e9e est consciente de l&rsquo;importance de la nutrition et du plaisir dans chaque bouch\u00e9e. Faites-nous part de vos pr\u00e9f\u00e9rences alimentaires, de vos restrictions \u00e9ventuelles, et laissez-nous prendre soin de vous avec professionnalisme et bienveillance.<\/p><p>\u00c0 [Nom de votre entreprise], l&rsquo;Aide au Repas est une occasion de cr\u00e9er des moments de plaisir et de d\u00e9tente. Nous sommes honor\u00e9s de faire partie de votre quotidien et de vous offrir un soutien adapt\u00e9 \u00e0 vos besoins uniques.<\/p>\t\t\t\t\t\t<\/div>\n\t\t\t\t<\/div>\n\t\t\t\t<div class=\"elementor-element elementor-element-9169f65 elementor-align-left elementor-tablet-align-center elementor-invisible elementor-widget elementor-widget-button\" data-id=\"9169f65\" data-element_type=\"widget\" data-settings=\"{&quot;_animation&quot;:&quot;zoomInUp&quot;}\" data-widget_type=\"button.default\">\n\t\t\t\t<div class=\"elementor-widget-container\">\n\t\t\t\t\t\t\t<div class=\"elementor-button-wrapper\">\n\t\t\t\t\t<a class=\"elementor-button elementor-button-link elementor-size-sm elementor-animation-float\" href=\"https:\/\/dev.jfm-audit.com\/service-domicile\/contact\/\">\n\t\t\t\t\t\t<span class=\"elementor-button-content-wrapper\">\n\t\t\t\t\t\t<span class=\"elementor-button-icon\">\n\t\t\t\t<i aria-hidden=\"true\" class=\"icon icon-chevron-right\"><\/i>\t\t\t<\/span>\n\t\t\t\t\t\t\t\t\t<span class=\"elementor-button-text\">Contactez-Nous<\/span>\n\t\t\t\t\t<\/span>\n\t\t\t\t\t<\/a>\n\t\t\t\t<\/div>\n\t\t\t\t\t\t<\/div>\n\t\t\t\t<\/div>\n\t\t\t\t\t<\/div>\n\t\t<\/div>\n\t\t\t\t\t<\/div>\n\t\t<\/section>\n\t\t\t\t<section class=\"elementor-section elementor-top-section elementor-element elementor-element-3cf6199 elementor-section-boxed elementor-section-height-default elementor-section-height-default\" data-id=\"3cf6199\" data-element_type=\"section\" data-settings=\"{&quot;background_background&quot;:&quot;classic&quot;,&quot;jet_parallax_layout_list&quot;:[]}\">\n\t\t\t\t\t\t\t<div class=\"elementor-background-overlay\"><\/div>\n\t\t\t\t\t\t\t<div class=\"elementor-container elementor-column-gap-default\">\n\t\t\t\t\t<div class=\"elementor-column elementor-col-100 elementor-top-column elementor-element elementor-element-5d48aa0\" data-id=\"5d48aa0\" data-element_type=\"column\">\n\t\t\t<div class=\"elementor-widget-wrap elementor-element-populated\">\n\t\t\t\t\t\t<section class=\"elementor-section elementor-inner-section elementor-element elementor-element-265b488 elementor-reverse-tablet elementor-section-boxed elementor-section-height-default elementor-section-height-default\" data-id=\"265b488\" data-element_type=\"section\" data-settings=\"{&quot;jet_parallax_layout_list&quot;:[]}\">\n\t\t\t\t\t\t<div class=\"elementor-container elementor-column-gap-default\">\n\t\t\t\t\t<div class=\"elementor-column elementor-col-50 elementor-inner-column elementor-element elementor-element-91f2c1d elementor-invisible\" data-id=\"91f2c1d\" data-element_type=\"column\" data-settings=\"{&quot;animation&quot;:&quot;fadeInDown&quot;}\">\n\t\t\t<div class=\"elementor-widget-wrap elementor-element-populated\">\n\t\t\t\t\t\t<div class=\"elementor-element elementor-element-2884353 elementor-widget elementor-widget-spacer\" data-id=\"2884353\" data-element_type=\"widget\" data-widget_type=\"spacer.default\">\n\t\t\t\t<div class=\"elementor-widget-container\">\n\t\t\t\t\t<div class=\"elementor-spacer\">\n\t\t\t<div class=\"elementor-spacer-inner\"><\/div>\n\t\t<\/div>\n\t\t\t\t<\/div>\n\t\t\t\t<\/div>\n\t\t\t\t<div class=\"elementor-element elementor-element-3b67c10 elementor-invisible elementor-widget elementor-widget-heading\" data-id=\"3b67c10\" data-element_type=\"widget\" data-settings=\"{&quot;_animation&quot;:&quot;zoomIn&quot;}\" data-widget_type=\"heading.default\">\n\t\t\t\t<div class=\"elementor-widget-container\">\n\t\t\t<h5 class=\"elementor-heading-title elementor-size-default\">Un plaisir<\/h5>\t\t<\/div>\n\t\t\t\t<\/div>\n\t\t\t\t<div class=\"elementor-element elementor-element-2fcbfa7 elementor-widget elementor-widget-text-editor\" data-id=\"2fcbfa7\" data-element_type=\"widget\" data-widget_type=\"text-editor.default\">\n\t\t\t\t<div class=\"elementor-widget-container\">\n\t\t\t\t\t\t\t<p>Notre \u00e9quipe qualifi\u00e9e est consciente de l&rsquo;importance de la nutrition et du plaisir dans chaque bouch\u00e9e. Faites-nous part de vos pr\u00e9f\u00e9rences alimentaires, de vos restrictions \u00e9ventuelles, et laissez-nous prendre soin de vous avec professionnalisme et bienveillance.<\/p><p>L&rsquo;Aide au Repas est une occasion de cr\u00e9er des moments de plaisir et de d\u00e9tente. Nous sommes honor\u00e9s de faire partie de votre quotidien et de vous offrir un soutien adapt\u00e9 \u00e0 vos besoins uniques.<\/p>\t\t\t\t\t\t<\/div>\n\t\t\t\t<\/div>\n\t\t\t\t\t<\/div>\n\t\t<\/div>\n\t\t\t\t<div class=\"elementor-column elementor-col-50 elementor-inner-column elementor-element elementor-element-611328e elementor-invisible\" data-id=\"611328e\" data-element_type=\"column\" data-settings=\"{&quot;animation&quot;:&quot;fadeInUp&quot;}\">\n\t\t\t<div class=\"elementor-widget-wrap elementor-element-populated\">\n\t\t\t\t\t\t<div class=\"elementor-element elementor-element-ea13f74 elementor-widget elementor-widget-image\" data-id=\"ea13f74\" data-element_type=\"widget\" data-widget_type=\"image.default\">\n\t\t\t\t<div class=\"elementor-widget-container\">\n\t\t\t\t\t\t\t\t\t\t\t\t\t<img decoding=\"async\" width=\"683\" height=\"1024\" src=\"https:\/\/dev.jfm-audit.com\/service-domicile\/wp-content\/uploads\/2024\/01\/online-cooking-help-2023-11-27-05-29-31-utc-683x1024.jpg\" class=\"attachment-large size-large wp-image-323\" alt=\"\" srcset=\"https:\/\/dev.jfm-audit.com\/service-domicile\/wp-content\/uploads\/2024\/01\/online-cooking-help-2023-11-27-05-29-31-utc-683x1024.jpg 683w, https:\/\/dev.jfm-audit.com\/service-domicile\/wp-content\/uploads\/2024\/01\/online-cooking-help-2023-11-27-05-29-31-utc-200x300.jpg 200w, https:\/\/dev.jfm-audit.com\/service-domicile\/wp-content\/uploads\/2024\/01\/online-cooking-help-2023-11-27-05-29-31-utc-768x1152.jpg 768w, https:\/\/dev.jfm-audit.com\/service-domicile\/wp-content\/uploads\/2024\/01\/online-cooking-help-2023-11-27-05-29-31-utc-1024x1536.jpg 1024w, https:\/\/dev.jfm-audit.com\/service-domicile\/wp-content\/uploads\/2024\/01\/online-cooking-help-2023-11-27-05-29-31-utc-1365x2048.jpg 1365w, https:\/\/dev.jfm-audit.com\/service-domicile\/wp-content\/uploads\/2024\/01\/online-cooking-help-2023-11-27-05-29-31-utc-scaled.jpg 1707w\" sizes=\"(max-width: 683px) 100vw, 683px\" \/>\t\t\t\t\t\t\t\t\t\t\t\t\t<\/div>\n\t\t\t\t<\/div>\n\t\t\t\t\t<\/div>\n\t\t<\/div>\n\t\t\t\t\t<\/div>\n\t\t<\/section>\n\t\t\t\t\t<\/div>\n\t\t<\/div>\n\t\t\t\t\t<\/div>\n\t\t<\/section>\n\t\t\t\t<section class=\"elementor-section elementor-top-section elementor-element elementor-element-baf9cc2 elementor-section-boxed elementor-section-height-default elementor-section-height-default\" data-id=\"baf9cc2\" data-element_type=\"section\" data-settings=\"{&quot;background_background&quot;:&quot;classic&quot;,&quot;jet_parallax_layout_list&quot;:[]}\">\n\t\t\t\t\t\t<div class=\"elementor-container elementor-column-gap-default\">\n\t\t\t\t\t<div class=\"elementor-column elementor-col-100 elementor-top-column elementor-element elementor-element-d335cc5\" data-id=\"d335cc5\" data-element_type=\"column\">\n\t\t\t<div class=\"elementor-widget-wrap elementor-element-populated\">\n\t\t\t\t\t\t<section class=\"elementor-section elementor-inner-section elementor-element elementor-element-4285b65 elementor-section-boxed elementor-section-height-default elementor-section-height-default\" data-id=\"4285b65\" data-element_type=\"section\" data-settings=\"{&quot;jet_parallax_layout_list&quot;:[]}\">\n\t\t\t\t\t\t<div class=\"elementor-container elementor-column-gap-default\">\n\t\t\t\t\t<div class=\"elementor-column elementor-col-50 elementor-inner-column elementor-element elementor-element-046f312 elementor-invisible\" data-id=\"046f312\" data-element_type=\"column\" data-settings=\"{&quot;background_background&quot;:&quot;classic&quot;,&quot;animation&quot;:&quot;fadeInRight&quot;}\">\n\t\t\t<div class=\"elementor-widget-wrap elementor-element-populated\">\n\t\t\t\t\t\t<div class=\"elementor-element elementor-element-f1f9016 elementor-view-default elementor-widget elementor-widget-icon\" data-id=\"f1f9016\" data-element_type=\"widget\" data-widget_type=\"icon.default\">\n\t\t\t\t<div class=\"elementor-widget-container\">\n\t\t\t\t\t<div class=\"elementor-icon-wrapper\">\n\t\t\t<div class=\"elementor-icon\">\n\t\t\t<i aria-hidden=\"true\" class=\"icon icon-heart-shape-outline\"><\/i>\t\t\t<\/div>\n\t\t<\/div>\n\t\t\t\t<\/div>\n\t\t\t\t<\/div>\n\t\t\t\t<div class=\"elementor-element elementor-element-a77920a elementor-widget elementor-widget-counter\" data-id=\"a77920a\" data-element_type=\"widget\" data-widget_type=\"counter.default\">\n\t\t\t\t<div class=\"elementor-widget-container\">\n\t\t\t\t\t<div class=\"elementor-counter\">\n\t\t\t<div class=\"elementor-counter-title\">Clients Satisfait<\/div>\t\t\t<div class=\"elementor-counter-number-wrapper\">\n\t\t\t\t<span class=\"elementor-counter-number-prefix\"><\/span>\n\t\t\t\t<span class=\"elementor-counter-number\" data-duration=\"2000\" data-to-value=\"4610\" data-from-value=\"0\" data-delimiter=\",\">0<\/span>\n\t\t\t\t<span class=\"elementor-counter-number-suffix\"><\/span>\n\t\t\t<\/div>\n\t\t<\/div>\n\t\t\t\t<\/div>\n\t\t\t\t<\/div>\n\t\t\t\t\t<\/div>\n\t\t<\/div>\n\t\t\t\t<div class=\"elementor-column elementor-col-50 elementor-inner-column elementor-element elementor-element-f1b3c94\" data-id=\"f1b3c94\" data-element_type=\"column\">\n\t\t\t<div class=\"elementor-widget-wrap elementor-element-populated\">\n\t\t\t\t\t\t<div class=\"elementor-element elementor-element-30453ec elementor-widget elementor-widget-text-editor\" data-id=\"30453ec\" data-element_type=\"widget\" data-widget_type=\"text-editor.default\">\n\t\t\t\t<div class=\"elementor-widget-container\">\n\t\t\t\t\t\t\t<p>Nous sommes fiers de vous offrir une assistance alimentaire personnalis\u00e9e, vous permettant de profiter pleinement de chaque repas en toute tranquillit\u00e9 d&rsquo;esprit.<\/p>\t\t\t\t\t\t<\/div>\n\t\t\t\t<\/div>\n\t\t\t\t\t<\/div>\n\t\t<\/div>\n\t\t\t\t\t<\/div>\n\t\t<\/section>\n\t\t\t\t\t<\/div>\n\t\t<\/div>\n\t\t\t\t\t<\/div>\n\t\t<\/section>\n\t\t\t\t<\/div>\n\t\t","protected":false},"excerpt":{"rendered":"<p>Aide au repas Notre \u00e9quipe qualifi\u00e9e est consciente de l&rsquo;importance de la nutrition et du plaisir dans chaque bouch\u00e9e. Faites-nous part de vos pr\u00e9f\u00e9rences alimentaires, de vos restrictions \u00e9ventuelles, et laissez-nous prendre soin de vous avec professionnalisme et bienveillance. \u00c0 [Nom de votre entreprise], l&rsquo;Aide au Repas est une occasion de cr\u00e9er des moments de [&hellip;]<\/p>\n","protected":false},"author":1,"featured_media":0,"parent":0,"menu_order":0,"comment_status":"closed","ping_status":"closed","template":"elementor_header_footer","meta":{"footnotes":""},"class_list":["post-277","page","type-page","status-publish","hentry"],"_links":{"self":[{"href":"https:\/\/dev.jfm-audit.com\/service-domicile\/wp-json\/wp\/v2\/pages\/277","targetHints":{"allow":["GET"]}}],"collection":[{"href":"https:\/\/dev.jfm-audit.com\/service-domicile\/wp-json\/wp\/v2\/pages"}],"about":[{"href":"https:\/\/dev.jfm-audit.com\/service-domicile\/wp-json\/wp\/v2\/types\/page"}],"author":[{"embeddable":true,"href":"https:\/\/dev.jfm-audit.com\/service-domicile\/wp-json\/wp\/v2\/users\/1"}],"replies":[{"embeddable":true,"href":"https:\/\/dev.jfm-audit.com\/service-domicile\/wp-json\/wp\/v2\/comments?post=277"}],"version-history":[{"count":7,"href":"https:\/\/dev.jfm-audit.com\/service-domicile\/wp-json\/wp\/v2\/pages\/277\/revisions"}],"predecessor-version":[{"id":329,"href":"https:\/\/dev.jfm-audit.com\/service-domicile\/wp-json\/wp\/v2\/pages\/277\/revisions\/329"}],"wp:attachment":[{"href":"https:\/\/dev.jfm-audit.com\/service-domicile\/wp-json\/wp\/v2\/media?parent=277"}],"curies":[{"name":"wp","href":"https:\/\/api.w.org\/{rel}","templated":true}]}}