{"id":279,"date":"2024-01-18T13:16:27","date_gmt":"2024-01-18T13:16:27","guid":{"rendered":"https:\/\/dev.jfm-audit.com\/service-domicile\/?page_id=279"},"modified":"2024-01-18T13:59:36","modified_gmt":"2024-01-18T13:59:36","slug":"assistance-administrative","status":"publish","type":"page","link":"https:\/\/dev.jfm-audit.com\/service-domicile\/assistance-administrative\/","title":{"rendered":"Assistance Administrative"},"content":{"rendered":"\t\t<div data-elementor-type=\"wp-page\" data-elementor-id=\"279\" class=\"elementor elementor-279\" data-elementor-post-type=\"page\">\n\t\t\t\t\t\t<section class=\"elementor-section elementor-top-section elementor-element elementor-element-cdbd25b elementor-section-boxed elementor-section-height-default elementor-section-height-default\" data-id=\"cdbd25b\" data-element_type=\"section\" data-settings=\"{&quot;background_background&quot;:&quot;gradient&quot;,&quot;jet_parallax_layout_list&quot;:[]}\">\n\t\t\t\t\t\t\t<div class=\"elementor-background-overlay\"><\/div>\n\t\t\t\t\t\t\t<div class=\"elementor-container elementor-column-gap-default\">\n\t\t\t\t\t<div class=\"elementor-column elementor-col-50 elementor-top-column elementor-element elementor-element-15e9d19 elementor-invisible\" data-id=\"15e9d19\" data-element_type=\"column\" data-settings=\"{&quot;animation&quot;:&quot;zoomIn&quot;}\">\n\t\t\t<div class=\"elementor-widget-wrap elementor-element-populated\">\n\t\t\t\t\t\t<div class=\"elementor-element elementor-element-609d077 elementor-invisible elementor-widget elementor-widget-image\" data-id=\"609d077\" data-element_type=\"widget\" data-settings=\"{&quot;_animation&quot;:&quot;slideInLeft&quot;}\" data-widget_type=\"image.default\">\n\t\t\t\t<div class=\"elementor-widget-container\">\n\t\t\t\t\t\t\t\t\t\t\t\t\t<img fetchpriority=\"high\" decoding=\"async\" width=\"1536\" height=\"1024\" src=\"https:\/\/dev.jfm-audit.com\/service-domicile\/wp-content\/uploads\/2024\/01\/smiling-female-caregiver-assisting-senior-grandma-2023-11-27-05-17-32-utc-1536x1024.jpg\" class=\"attachment-1536x1536 size-1536x1536 wp-image-314\" alt=\"\" srcset=\"https:\/\/dev.jfm-audit.com\/service-domicile\/wp-content\/uploads\/2024\/01\/smiling-female-caregiver-assisting-senior-grandma-2023-11-27-05-17-32-utc-1536x1024.jpg 1536w, https:\/\/dev.jfm-audit.com\/service-domicile\/wp-content\/uploads\/2024\/01\/smiling-female-caregiver-assisting-senior-grandma-2023-11-27-05-17-32-utc-300x200.jpg 300w, https:\/\/dev.jfm-audit.com\/service-domicile\/wp-content\/uploads\/2024\/01\/smiling-female-caregiver-assisting-senior-grandma-2023-11-27-05-17-32-utc-1024x683.jpg 1024w, https:\/\/dev.jfm-audit.com\/service-domicile\/wp-content\/uploads\/2024\/01\/smiling-female-caregiver-assisting-senior-grandma-2023-11-27-05-17-32-utc-768x512.jpg 768w, https:\/\/dev.jfm-audit.com\/service-domicile\/wp-content\/uploads\/2024\/01\/smiling-female-caregiver-assisting-senior-grandma-2023-11-27-05-17-32-utc-2048x1365.jpg 2048w\" sizes=\"(max-width: 1536px) 100vw, 1536px\" \/>\t\t\t\t\t\t\t\t\t\t\t\t\t<\/div>\n\t\t\t\t<\/div>\n\t\t\t\t<div class=\"elementor-element elementor-element-763ebe0 elementor-invisible elementor-widget elementor-widget-image\" data-id=\"763ebe0\" data-element_type=\"widget\" data-settings=\"{&quot;_animation&quot;:&quot;slideInDown&quot;}\" data-widget_type=\"image.default\">\n\t\t\t\t<div class=\"elementor-widget-container\">\n\t\t\t\t\t\t\t\t\t\t\t\t\t<img decoding=\"async\" width=\"1536\" height=\"1024\" src=\"https:\/\/dev.jfm-audit.com\/service-domicile\/wp-content\/uploads\/2024\/01\/nurse-assisting-senior-woman-2023-11-27-05-30-14-utc-1536x1024.jpg\" class=\"attachment-1536x1536 size-1536x1536 wp-image-312\" alt=\"\" srcset=\"https:\/\/dev.jfm-audit.com\/service-domicile\/wp-content\/uploads\/2024\/01\/nurse-assisting-senior-woman-2023-11-27-05-30-14-utc-1536x1024.jpg 1536w, https:\/\/dev.jfm-audit.com\/service-domicile\/wp-content\/uploads\/2024\/01\/nurse-assisting-senior-woman-2023-11-27-05-30-14-utc-300x200.jpg 300w, https:\/\/dev.jfm-audit.com\/service-domicile\/wp-content\/uploads\/2024\/01\/nurse-assisting-senior-woman-2023-11-27-05-30-14-utc-1024x683.jpg 1024w, https:\/\/dev.jfm-audit.com\/service-domicile\/wp-content\/uploads\/2024\/01\/nurse-assisting-senior-woman-2023-11-27-05-30-14-utc-768x512.jpg 768w, https:\/\/dev.jfm-audit.com\/service-domicile\/wp-content\/uploads\/2024\/01\/nurse-assisting-senior-woman-2023-11-27-05-30-14-utc-2048x1365.jpg 2048w\" sizes=\"(max-width: 1536px) 100vw, 1536px\" \/>\t\t\t\t\t\t\t\t\t\t\t\t\t<\/div>\n\t\t\t\t<\/div>\n\t\t\t\t\t<\/div>\n\t\t<\/div>\n\t\t\t\t<div class=\"elementor-column elementor-col-50 elementor-top-column elementor-element elementor-element-1f3c261 elementor-invisible\" data-id=\"1f3c261\" data-element_type=\"column\" data-settings=\"{&quot;animation&quot;:&quot;slideInUp&quot;}\">\n\t\t\t<div class=\"elementor-widget-wrap elementor-element-populated\">\n\t\t\t\t\t\t<div class=\"elementor-element elementor-element-15e20af elementor-invisible elementor-widget elementor-widget-heading\" data-id=\"15e20af\" data-element_type=\"widget\" data-settings=\"{&quot;_animation&quot;:&quot;zoomIn&quot;}\" data-widget_type=\"heading.default\">\n\t\t\t\t<div class=\"elementor-widget-container\">\n\t\t\t<h5 class=\"elementor-heading-title elementor-size-default\">Assistance Administrative<\/h5>\t\t<\/div>\n\t\t\t\t<\/div>\n\t\t\t\t<div class=\"elementor-element elementor-element-56013ab elementor-invisible elementor-widget elementor-widget-text-editor\" data-id=\"56013ab\" data-element_type=\"widget\" data-settings=\"{&quot;_animation&quot;:&quot;fadeInUp&quot;}\" data-widget_type=\"text-editor.default\">\n\t\t\t\t<div class=\"elementor-widget-container\">\n\t\t\t\t\t\t\t<p>Notre service d&rsquo;assistance administrative est con\u00e7u pour simplifier votre vie en prenant en charge les aspects fastidieux de la paperasse quotidienne. Nous comprenons que les t\u00e2ches administratives peuvent \u00eatre chronophages et parfois stressantes. C&rsquo;est l\u00e0 que notre \u00e9quipe qualifi\u00e9e intervient pour vous offrir un soutien professionnel et efficace.<\/p><p>Que vous ayez besoin d&rsquo;aide pour la gestion des factures, la correspondance avec les organismes administratifs, la planification d&rsquo;\u00e9v\u00e9nements ou toute autre t\u00e2che administrative, nous sommes l\u00e0 pour vous all\u00e9ger de ces responsabilit\u00e9s.<\/p>\t\t\t\t\t\t<\/div>\n\t\t\t\t<\/div>\n\t\t\t\t<div class=\"elementor-element elementor-element-1d522ab elementor-align-left elementor-tablet-align-center elementor-invisible elementor-widget elementor-widget-button\" data-id=\"1d522ab\" data-element_type=\"widget\" data-settings=\"{&quot;_animation&quot;:&quot;zoomInUp&quot;}\" data-widget_type=\"button.default\">\n\t\t\t\t<div class=\"elementor-widget-container\">\n\t\t\t\t\t\t\t<div class=\"elementor-button-wrapper\">\n\t\t\t\t\t<a class=\"elementor-button elementor-button-link elementor-size-sm elementor-animation-float\" href=\"https:\/\/dev.jfm-audit.com\/service-domicile\/contact\/\">\n\t\t\t\t\t\t<span class=\"elementor-button-content-wrapper\">\n\t\t\t\t\t\t<span class=\"elementor-button-icon\">\n\t\t\t\t<i aria-hidden=\"true\" class=\"icon icon-chevron-right\"><\/i>\t\t\t<\/span>\n\t\t\t\t\t\t\t\t\t<span class=\"elementor-button-text\">Contactez-Nous<\/span>\n\t\t\t\t\t<\/span>\n\t\t\t\t\t<\/a>\n\t\t\t\t<\/div>\n\t\t\t\t\t\t<\/div>\n\t\t\t\t<\/div>\n\t\t\t\t\t<\/div>\n\t\t<\/div>\n\t\t\t\t\t<\/div>\n\t\t<\/section>\n\t\t\t\t<section class=\"elementor-section elementor-top-section elementor-element elementor-element-740f901 elementor-section-boxed elementor-section-height-default elementor-section-height-default\" data-id=\"740f901\" data-element_type=\"section\" data-settings=\"{&quot;background_background&quot;:&quot;classic&quot;,&quot;jet_parallax_layout_list&quot;:[]}\">\n\t\t\t\t\t\t\t<div class=\"elementor-background-overlay\"><\/div>\n\t\t\t\t\t\t\t<div class=\"elementor-container elementor-column-gap-default\">\n\t\t\t\t\t<div class=\"elementor-column elementor-col-100 elementor-top-column elementor-element elementor-element-2946067\" data-id=\"2946067\" data-element_type=\"column\">\n\t\t\t<div class=\"elementor-widget-wrap elementor-element-populated\">\n\t\t\t\t\t\t<section class=\"elementor-section elementor-inner-section elementor-element elementor-element-bcc3d1c elementor-reverse-tablet elementor-section-boxed elementor-section-height-default elementor-section-height-default\" data-id=\"bcc3d1c\" data-element_type=\"section\" data-settings=\"{&quot;jet_parallax_layout_list&quot;:[]}\">\n\t\t\t\t\t\t<div class=\"elementor-container elementor-column-gap-default\">\n\t\t\t\t\t<div class=\"elementor-column elementor-col-50 elementor-inner-column elementor-element elementor-element-3c46b55 elementor-invisible\" data-id=\"3c46b55\" data-element_type=\"column\" data-settings=\"{&quot;animation&quot;:&quot;fadeInDown&quot;}\">\n\t\t\t<div class=\"elementor-widget-wrap elementor-element-populated\">\n\t\t\t\t\t\t<div class=\"elementor-element elementor-element-9feb843 elementor-widget elementor-widget-spacer\" data-id=\"9feb843\" data-element_type=\"widget\" data-widget_type=\"spacer.default\">\n\t\t\t\t<div class=\"elementor-widget-container\">\n\t\t\t\t\t<div class=\"elementor-spacer\">\n\t\t\t<div class=\"elementor-spacer-inner\"><\/div>\n\t\t<\/div>\n\t\t\t\t<\/div>\n\t\t\t\t<\/div>\n\t\t\t\t<div class=\"elementor-element elementor-element-59b77ff elementor-invisible elementor-widget elementor-widget-heading\" data-id=\"59b77ff\" data-element_type=\"widget\" data-settings=\"{&quot;_animation&quot;:&quot;zoomIn&quot;}\" data-widget_type=\"heading.default\">\n\t\t\t\t<div class=\"elementor-widget-container\">\n\t\t\t<h5 class=\"elementor-heading-title elementor-size-default\">Un Poids en Moins<\/h5>\t\t<\/div>\n\t\t\t\t<\/div>\n\t\t\t\t<div class=\"elementor-element elementor-element-dc94743 elementor-widget elementor-widget-text-editor\" data-id=\"dc94743\" data-element_type=\"widget\" data-widget_type=\"text-editor.default\">\n\t\t\t\t<div class=\"elementor-widget-container\">\n\t\t\t\t\t\t\t<p>Notre objectif est de cr\u00e9er un environnement o\u00f9 vous pouvez vous concentrer sur l&rsquo;essentiel, tandis que nous nous occupons des d\u00e9tails administratifs.<\/p><p>Chez nous, l&rsquo;assistance administrative ne se limite pas \u00e0 des t\u00e2ches, mais \u00e0 une collaboration attentive. Nous nous engageons \u00e0 comprendre vos besoins sp\u00e9cifiques et \u00e0 personnaliser nos services en cons\u00e9quence. Faites-nous part de vos pr\u00e9occupations administratives, et laissez-nous simplifier votre quotidien.<\/p>\t\t\t\t\t\t<\/div>\n\t\t\t\t<\/div>\n\t\t\t\t\t<\/div>\n\t\t<\/div>\n\t\t\t\t<div class=\"elementor-column elementor-col-50 elementor-inner-column elementor-element elementor-element-46df2d8 elementor-invisible\" data-id=\"46df2d8\" data-element_type=\"column\" data-settings=\"{&quot;animation&quot;:&quot;fadeInUp&quot;}\">\n\t\t\t<div class=\"elementor-widget-wrap elementor-element-populated\">\n\t\t\t\t\t\t<div class=\"elementor-element elementor-element-d84f188 elementor-widget elementor-widget-image\" data-id=\"d84f188\" data-element_type=\"widget\" data-widget_type=\"image.default\">\n\t\t\t\t<div class=\"elementor-widget-container\">\n\t\t\t\t\t\t\t\t\t\t\t\t\t<img decoding=\"async\" width=\"800\" height=\"534\" src=\"https:\/\/dev.jfm-audit.com\/service-domicile\/wp-content\/uploads\/2024\/01\/pleased-female-company-director-typing-on-laptop-k-2023-11-27-05-17-11-utc-1024x683.jpg\" class=\"attachment-large size-large wp-image-313\" alt=\"\" srcset=\"https:\/\/dev.jfm-audit.com\/service-domicile\/wp-content\/uploads\/2024\/01\/pleased-female-company-director-typing-on-laptop-k-2023-11-27-05-17-11-utc-1024x683.jpg 1024w, https:\/\/dev.jfm-audit.com\/service-domicile\/wp-content\/uploads\/2024\/01\/pleased-female-company-director-typing-on-laptop-k-2023-11-27-05-17-11-utc-300x200.jpg 300w, https:\/\/dev.jfm-audit.com\/service-domicile\/wp-content\/uploads\/2024\/01\/pleased-female-company-director-typing-on-laptop-k-2023-11-27-05-17-11-utc-768x512.jpg 768w, https:\/\/dev.jfm-audit.com\/service-domicile\/wp-content\/uploads\/2024\/01\/pleased-female-company-director-typing-on-laptop-k-2023-11-27-05-17-11-utc-1536x1024.jpg 1536w, https:\/\/dev.jfm-audit.com\/service-domicile\/wp-content\/uploads\/2024\/01\/pleased-female-company-director-typing-on-laptop-k-2023-11-27-05-17-11-utc-2048x1365.jpg 2048w\" sizes=\"(max-width: 800px) 100vw, 800px\" \/>\t\t\t\t\t\t\t\t\t\t\t\t\t<\/div>\n\t\t\t\t<\/div>\n\t\t\t\t\t<\/div>\n\t\t<\/div>\n\t\t\t\t\t<\/div>\n\t\t<\/section>\n\t\t\t\t\t<\/div>\n\t\t<\/div>\n\t\t\t\t\t<\/div>\n\t\t<\/section>\n\t\t\t\t<section class=\"elementor-section elementor-top-section elementor-element elementor-element-c95ae1e elementor-section-boxed elementor-section-height-default elementor-section-height-default\" data-id=\"c95ae1e\" data-element_type=\"section\" data-settings=\"{&quot;background_background&quot;:&quot;classic&quot;,&quot;jet_parallax_layout_list&quot;:[]}\">\n\t\t\t\t\t\t<div class=\"elementor-container elementor-column-gap-default\">\n\t\t\t\t\t<div class=\"elementor-column elementor-col-100 elementor-top-column elementor-element elementor-element-df496fe\" data-id=\"df496fe\" data-element_type=\"column\">\n\t\t\t<div class=\"elementor-widget-wrap elementor-element-populated\">\n\t\t\t\t\t\t<section class=\"elementor-section elementor-inner-section elementor-element elementor-element-85a21b2 elementor-section-boxed elementor-section-height-default elementor-section-height-default\" data-id=\"85a21b2\" data-element_type=\"section\" data-settings=\"{&quot;jet_parallax_layout_list&quot;:[]}\">\n\t\t\t\t\t\t<div class=\"elementor-container elementor-column-gap-default\">\n\t\t\t\t\t<div class=\"elementor-column elementor-col-50 elementor-inner-column elementor-element elementor-element-eaea976 elementor-invisible\" data-id=\"eaea976\" data-element_type=\"column\" data-settings=\"{&quot;background_background&quot;:&quot;classic&quot;,&quot;animation&quot;:&quot;fadeInRight&quot;}\">\n\t\t\t<div class=\"elementor-widget-wrap elementor-element-populated\">\n\t\t\t\t\t\t<div class=\"elementor-element elementor-element-b3b2cfb elementor-view-default elementor-widget elementor-widget-icon\" data-id=\"b3b2cfb\" data-element_type=\"widget\" data-widget_type=\"icon.default\">\n\t\t\t\t<div class=\"elementor-widget-container\">\n\t\t\t\t\t<div class=\"elementor-icon-wrapper\">\n\t\t\t<div class=\"elementor-icon\">\n\t\t\t<i aria-hidden=\"true\" class=\"icon icon-heart-shape-outline\"><\/i>\t\t\t<\/div>\n\t\t<\/div>\n\t\t\t\t<\/div>\n\t\t\t\t<\/div>\n\t\t\t\t<div class=\"elementor-element elementor-element-e728017 elementor-widget elementor-widget-counter\" data-id=\"e728017\" data-element_type=\"widget\" data-widget_type=\"counter.default\">\n\t\t\t\t<div class=\"elementor-widget-container\">\n\t\t\t\t\t<div class=\"elementor-counter\">\n\t\t\t<div class=\"elementor-counter-title\">Clients Satisfait<\/div>\t\t\t<div class=\"elementor-counter-number-wrapper\">\n\t\t\t\t<span class=\"elementor-counter-number-prefix\"><\/span>\n\t\t\t\t<span class=\"elementor-counter-number\" data-duration=\"2000\" data-to-value=\"4610\" data-from-value=\"0\" data-delimiter=\",\">0<\/span>\n\t\t\t\t<span class=\"elementor-counter-number-suffix\"><\/span>\n\t\t\t<\/div>\n\t\t<\/div>\n\t\t\t\t<\/div>\n\t\t\t\t<\/div>\n\t\t\t\t\t<\/div>\n\t\t<\/div>\n\t\t\t\t<div class=\"elementor-column elementor-col-50 elementor-inner-column elementor-element elementor-element-8cd089b\" data-id=\"8cd089b\" data-element_type=\"column\">\n\t\t\t<div class=\"elementor-widget-wrap elementor-element-populated\">\n\t\t\t\t\t\t<div class=\"elementor-element elementor-element-08d130c elementor-widget elementor-widget-text-editor\" data-id=\"08d130c\" data-element_type=\"widget\" data-widget_type=\"text-editor.default\">\n\t\t\t\t<div class=\"elementor-widget-container\">\n\t\t\t\t\t\t\t<p>Nous sommes fiers de vous offrir un service fiable et professionnel, vous permettant de gagner du temps et de l&rsquo;\u00e9nergie pour ce qui compte vraiment dans votre vie.<\/p>\t\t\t\t\t\t<\/div>\n\t\t\t\t<\/div>\n\t\t\t\t\t<\/div>\n\t\t<\/div>\n\t\t\t\t\t<\/div>\n\t\t<\/section>\n\t\t\t\t\t<\/div>\n\t\t<\/div>\n\t\t\t\t\t<\/div>\n\t\t<\/section>\n\t\t\t\t<\/div>\n\t\t","protected":false},"excerpt":{"rendered":"<p>Assistance Administrative Notre service d&rsquo;assistance administrative est con\u00e7u pour simplifier votre vie en prenant en charge les aspects fastidieux de la paperasse quotidienne. Nous comprenons que les t\u00e2ches administratives peuvent \u00eatre chronophages et parfois stressantes. C&rsquo;est l\u00e0 que notre \u00e9quipe qualifi\u00e9e intervient pour vous offrir un soutien professionnel et efficace. Que vous ayez besoin d&rsquo;aide [&hellip;]<\/p>\n","protected":false},"author":1,"featured_media":0,"parent":0,"menu_order":0,"comment_status":"closed","ping_status":"closed","template":"elementor_header_footer","meta":{"footnotes":""},"class_list":["post-279","page","type-page","status-publish","hentry"],"_links":{"self":[{"href":"https:\/\/dev.jfm-audit.com\/service-domicile\/wp-json\/wp\/v2\/pages\/279","targetHints":{"allow":["GET"]}}],"collection":[{"href":"https:\/\/dev.jfm-audit.com\/service-domicile\/wp-json\/wp\/v2\/pages"}],"about":[{"href":"https:\/\/dev.jfm-audit.com\/service-domicile\/wp-json\/wp\/v2\/types\/page"}],"author":[{"embeddable":true,"href":"https:\/\/dev.jfm-audit.com\/service-domicile\/wp-json\/wp\/v2\/users\/1"}],"replies":[{"embeddable":true,"href":"https:\/\/dev.jfm-audit.com\/service-domicile\/wp-json\/wp\/v2\/comments?post=279"}],"version-history":[{"count":7,"href":"https:\/\/dev.jfm-audit.com\/service-domicile\/wp-json\/wp\/v2\/pages\/279\/revisions"}],"predecessor-version":[{"id":332,"href":"https:\/\/dev.jfm-audit.com\/service-domicile\/wp-json\/wp\/v2\/pages\/279\/revisions\/332"}],"wp:attachment":[{"href":"https:\/\/dev.jfm-audit.com\/service-domicile\/wp-json\/wp\/v2\/media?parent=279"}],"curies":[{"name":"wp","href":"https:\/\/api.w.org\/{rel}","templated":true}]}}