{"id":443,"date":"2024-01-25T13:43:34","date_gmt":"2024-01-25T13:43:34","guid":{"rendered":"https:\/\/dev.jfm-audit.com\/service-domicile\/?page_id=443"},"modified":"2024-02-28T16:06:32","modified_gmt":"2024-02-28T16:06:32","slug":"recrutement","status":"publish","type":"page","link":"https:\/\/dev.jfm-audit.com\/service-domicile\/recrutement\/","title":{"rendered":"Recrutement"},"content":{"rendered":"\t\t<div data-elementor-type=\"wp-page\" data-elementor-id=\"443\" class=\"elementor elementor-443\" data-elementor-post-type=\"page\">\n\t\t\t\t\t\t<section class=\"elementor-section elementor-top-section elementor-element elementor-element-53082b9c elementor-section-boxed elementor-section-height-default elementor-section-height-default\" data-id=\"53082b9c\" data-element_type=\"section\" data-settings=\"{&quot;background_background&quot;:&quot;gradient&quot;,&quot;jet_parallax_layout_list&quot;:[]}\">\n\t\t\t\t\t\t\t<div class=\"elementor-background-overlay\"><\/div>\n\t\t\t\t\t\t\t<div class=\"elementor-container elementor-column-gap-default\">\n\t\t\t\t\t<div class=\"elementor-column elementor-col-50 elementor-top-column elementor-element elementor-element-554049ae\" data-id=\"554049ae\" data-element_type=\"column\">\n\t\t\t<div class=\"elementor-widget-wrap elementor-element-populated\">\n\t\t\t\t\t\t<div class=\"elementor-element elementor-element-67fd1fe elementor-widget elementor-widget-image\" data-id=\"67fd1fe\" data-element_type=\"widget\" data-widget_type=\"image.default\">\n\t\t\t\t<div class=\"elementor-widget-container\">\n\t\t\t\t\t\t\t\t\t\t\t\t\t<img fetchpriority=\"high\" decoding=\"async\" width=\"800\" height=\"534\" src=\"https:\/\/dev.jfm-audit.com\/service-domicile\/wp-content\/uploads\/2024\/01\/close-up-of-elderly-caregiver-and-daughter-s-hands-2023-11-27-05-35-41-utc-1024x684.jpg\" class=\"attachment-large size-large wp-image-422\" alt=\"\" srcset=\"https:\/\/dev.jfm-audit.com\/service-domicile\/wp-content\/uploads\/2024\/01\/close-up-of-elderly-caregiver-and-daughter-s-hands-2023-11-27-05-35-41-utc-1024x684.jpg 1024w, https:\/\/dev.jfm-audit.com\/service-domicile\/wp-content\/uploads\/2024\/01\/close-up-of-elderly-caregiver-and-daughter-s-hands-2023-11-27-05-35-41-utc-300x200.jpg 300w, https:\/\/dev.jfm-audit.com\/service-domicile\/wp-content\/uploads\/2024\/01\/close-up-of-elderly-caregiver-and-daughter-s-hands-2023-11-27-05-35-41-utc-768x513.jpg 768w, https:\/\/dev.jfm-audit.com\/service-domicile\/wp-content\/uploads\/2024\/01\/close-up-of-elderly-caregiver-and-daughter-s-hands-2023-11-27-05-35-41-utc-1536x1025.jpg 1536w, https:\/\/dev.jfm-audit.com\/service-domicile\/wp-content\/uploads\/2024\/01\/close-up-of-elderly-caregiver-and-daughter-s-hands-2023-11-27-05-35-41-utc-2048x1367.jpg 2048w\" sizes=\"(max-width: 800px) 100vw, 800px\" \/>\t\t\t\t\t\t\t\t\t\t\t\t\t<\/div>\n\t\t\t\t<\/div>\n\t\t\t\t\t<\/div>\n\t\t<\/div>\n\t\t\t\t<div class=\"elementor-column elementor-col-50 elementor-top-column elementor-element elementor-element-31c578a8\" data-id=\"31c578a8\" data-element_type=\"column\">\n\t\t\t<div class=\"elementor-widget-wrap elementor-element-populated\">\n\t\t\t\t\t\t<div class=\"elementor-element elementor-element-461816d8 elementor-invisible elementor-widget elementor-widget-heading\" data-id=\"461816d8\" data-element_type=\"widget\" data-settings=\"{&quot;_animation&quot;:&quot;fadeInDown&quot;}\" data-widget_type=\"heading.default\">\n\t\t\t\t<div class=\"elementor-widget-container\">\n\t\t\t<h2 class=\"elementor-heading-title elementor-size-default\">Rejoignez Notre \u00c9quipe !<\/h2>\t\t<\/div>\n\t\t\t\t<\/div>\n\t\t\t\t<div class=\"elementor-element elementor-element-4b45ce8f elementor-invisible elementor-widget elementor-widget-text-editor\" data-id=\"4b45ce8f\" data-element_type=\"widget\" data-settings=\"{&quot;_animation&quot;:&quot;zoomIn&quot;}\" data-widget_type=\"text-editor.default\">\n\t\t\t\t<div class=\"elementor-widget-container\">\n\t\t\t\t\t\t\t<p>Nous partageons des <strong>valeurs fortes<\/strong>\u00a0et nous recherchons des professionnels qui se reconnaissent dans notre m\u00e9tier. Si vous \u00eates passionn\u00e9 par l\u2019<strong>entretien de la maison<\/strong>,\u00a0l\u2019accompagnement des\u00a0<strong>s\u00e9niors et l\u2019autonomie<\/strong>, alors notre entreprise est faite pour vous !<\/p>\t\t\t\t\t\t<\/div>\n\t\t\t\t<\/div>\n\t\t\t\t<div class=\"elementor-element elementor-element-3e6f5572 elementor-align-left elementor-tablet-align-center elementor-invisible elementor-widget elementor-widget-button\" data-id=\"3e6f5572\" data-element_type=\"widget\" data-settings=\"{&quot;_animation&quot;:&quot;zoomInUp&quot;}\" data-widget_type=\"button.default\">\n\t\t\t\t<div class=\"elementor-widget-container\">\n\t\t\t\t\t\t\t<div class=\"elementor-button-wrapper\">\n\t\t\t\t\t<a class=\"elementor-button elementor-button-link elementor-size-sm elementor-animation-float\" href=\"https:\/\/dev.jfm-audit.com\/service-domicile\/contact\/\">\n\t\t\t\t\t\t<span class=\"elementor-button-content-wrapper\">\n\t\t\t\t\t\t<span class=\"elementor-button-icon\">\n\t\t\t\t<i aria-hidden=\"true\" class=\"icon icon-chevron-right\"><\/i>\t\t\t<\/span>\n\t\t\t\t\t\t\t\t\t<span class=\"elementor-button-text\">Contactez-nous<\/span>\n\t\t\t\t\t<\/span>\n\t\t\t\t\t<\/a>\n\t\t\t\t<\/div>\n\t\t\t\t\t\t<\/div>\n\t\t\t\t<\/div>\n\t\t\t\t\t<\/div>\n\t\t<\/div>\n\t\t\t\t\t<\/div>\n\t\t<\/section>\n\t\t\t\t<\/div>\n\t\t","protected":false},"excerpt":{"rendered":"<p>Rejoignez Notre \u00c9quipe ! Nous partageons des valeurs fortes\u00a0et nous recherchons des professionnels qui se reconnaissent dans notre m\u00e9tier. Si vous \u00eates passionn\u00e9 par l\u2019entretien de la maison,\u00a0l\u2019accompagnement des\u00a0s\u00e9niors et l\u2019autonomie, alors notre entreprise est faite pour vous ! Contactez-nous<\/p>\n","protected":false},"author":1,"featured_media":0,"parent":0,"menu_order":0,"comment_status":"closed","ping_status":"closed","template":"elementor_header_footer","meta":{"footnotes":""},"class_list":["post-443","page","type-page","status-publish","hentry"],"_links":{"self":[{"href":"https:\/\/dev.jfm-audit.com\/service-domicile\/wp-json\/wp\/v2\/pages\/443","targetHints":{"allow":["GET"]}}],"collection":[{"href":"https:\/\/dev.jfm-audit.com\/service-domicile\/wp-json\/wp\/v2\/pages"}],"about":[{"href":"https:\/\/dev.jfm-audit.com\/service-domicile\/wp-json\/wp\/v2\/types\/page"}],"author":[{"embeddable":true,"href":"https:\/\/dev.jfm-audit.com\/service-domicile\/wp-json\/wp\/v2\/users\/1"}],"replies":[{"embeddable":true,"href":"https:\/\/dev.jfm-audit.com\/service-domicile\/wp-json\/wp\/v2\/comments?post=443"}],"version-history":[{"count":10,"href":"https:\/\/dev.jfm-audit.com\/service-domicile\/wp-json\/wp\/v2\/pages\/443\/revisions"}],"predecessor-version":[{"id":480,"href":"https:\/\/dev.jfm-audit.com\/service-domicile\/wp-json\/wp\/v2\/pages\/443\/revisions\/480"}],"wp:attachment":[{"href":"https:\/\/dev.jfm-audit.com\/service-domicile\/wp-json\/wp\/v2\/media?parent=443"}],"curies":[{"name":"wp","href":"https:\/\/api.w.org\/{rel}","templated":true}]}}